{"id":4147,"date":"2025-03-19T10:09:58","date_gmt":"2025-03-19T09:09:58","guid":{"rendered":"http:\/\/polonica.cz\/?page_id=4147"},"modified":"2026-03-26T11:43:14","modified_gmt":"2026-03-26T10:43:14","slug":"kongres-polakow","status":"publish","type":"page","link":"https:\/\/polonica.cz\/cs\/kongres-polakow\/","title":{"rendered":"Kongres Pol\u00e1k\u016f"},"content":{"rendered":"<div class=\"cards-custom-wrapper\">\n    <div class=\"custom-card\">\n        <a href=\"\/cs\/Protokoly-posiedzen\/\" target=\"\">\n            <div class=\"custom-card-image\" style=\"background-image: url('\/wp-content\/uploads\/2025\/03\/Protokoly-KP.fw_.png');\"><\/div>\n            <div class=\"custom-card-content\">\n                <h3>Z\u00e1pisy<\/h3>\n                <p>ze zased\u00e1n\u00ed<\/p>\n            <\/div>\n        <\/a>\n    <\/div>\n    \n    <div class=\"custom-card\">\n        <a href=\"\/cs\/Wizja-2035\/\" target=\"\">\n            <div class=\"custom-card-image\" style=\"background-image: url('\/wp-content\/uploads\/2025\/03\/Wizja-2035.fw_.png');\"><\/div>\n            <div class=\"custom-card-content\">\n                <h3>Vize 2035<\/h3>\n                <p><\/p>\n            <\/div>\n        <\/a>\n    <\/div>\n    \n    <div class=\"custom-card\">\n        <a href=\"\/cs\/Struktura\/\" target=\"\">\n            <div class=\"custom-card-image\" style=\"background-image: url('\/wp-content\/uploads\/2025\/03\/Struktura.fw_.png');\"><\/div>\n            <div class=\"custom-card-content\">\n                <h3>Struktura<\/h3>\n                <p><\/p>\n            <\/div>\n        <\/a>\n    <\/div>\n    \n    <div class=\"custom-card\">\n        <a href=\"\/cs\/Projekty\/\" target=\"\">\n            <div class=\"custom-card-image\" style=\"background-image: url('\/wp-content\/uploads\/2025\/03\/Warsztaty-Malarskie.fw_.png');\"><\/div>\n            <div class=\"custom-card-content\">\n                <h3>Projekty<\/h3>\n                <p><\/p>\n            <\/div>\n        <\/a>\n    <\/div>\n    \n    <div class=\"custom-card\">\n        <a href=\"\/cs\/Osrodek-dokumentacyjny-KP\/\" target=\"\">\n            <div class=\"custom-card-image\" style=\"background-image: url('\/wp-content\/uploads\/2025\/03\/Osrodek-dokumentacyjny-KP.fw_.png');\"><\/div>\n            <div class=\"custom-card-content\">\n                <h3>Dokumenta\u010dn\u00ed<\/h3>\n                <p>st\u0159edisko KP<\/p>\n            <\/div>\n        <\/a>\n    <\/div>\n    \n    <div class=\"custom-card\">\n        <a href=\"\/cs\/Centrum-Polskie\/\" target=\"\">\n            <div class=\"custom-card-image\" style=\"background-image: url('\/wp-content\/uploads\/2025\/03\/Centrum-Polskie.fw_.png');\"><\/div>\n            <div class=\"custom-card-content\">\n                <h3>Centrum<\/h3>\n                <p>Polskie<\/p>\n            <\/div>\n        <\/a>\n    <\/div>\n    \n    <div class=\"custom-card\">\n        <a href=\"\/cs\/Wazne-dokumenty-do-pobrania\/\" target=\"\">\n            <div class=\"custom-card-image\" style=\"background-image: url('\/wp-content\/uploads\/2025\/03\/wazne-dokumenty-do-pobrania.fw_.png');\"><\/div>\n            <div class=\"custom-card-content\">\n                <h3>D\u016fle\u017eit\u00e9 dokumenty<\/h3>\n                <p>ke sta\u017een\u00ed<\/p>\n            <\/div>\n        <\/a>\n    <\/div>\n    \n    <div class=\"custom-card\">\n        <a href=\"\/cs\/Prawa-mniejszosci\/\" target=\"\">\n            <div class=\"custom-card-image\" style=\"background-image: url('\/wp-content\/uploads\/2025\/03\/prawa-mniejszosci.fw_.png');\"><\/div>\n            <div class=\"custom-card-content\">\n                <h3>Pr\u00e1va<\/h3>\n                <p>men\u0161iny<\/p>\n            <\/div>\n        <\/a>\n    <\/div>\n    \n    <div class=\"custom-card\">\n        <a href=\"\/cs\/Studia-w-polsce\/\" target=\"\">\n            <div class=\"custom-card-image\" style=\"background-image: url('\/wp-content\/uploads\/2025\/03\/Studia-w-Polsce.fw_.png');\"><\/div>\n            <div class=\"custom-card-content\">\n                <h3>Studium<\/h3>\n                <p>v Polsku<\/p>\n            <\/div>\n        <\/a>\n    <\/div>\n    \n<\/div>","protected":false},"excerpt":{"rendered":"","protected":false},"author":1,"featured_media":3899,"parent":0,"menu_order":0,"comment_status":"closed","ping_status":"closed","template":"","meta":{"_acf_changed":false,"footnotes":""},"class_list":["post-4147","page","type-page","status-publish","has-post-thumbnail","hentry"],"acf":[],"_links":{"self":[{"href":"https:\/\/polonica.cz\/cs\/wp-json\/wp\/v2\/pages\/4147","targetHints":{"allow":["GET"]}}],"collection":[{"href":"https:\/\/polonica.cz\/cs\/wp-json\/wp\/v2\/pages"}],"about":[{"href":"https:\/\/polonica.cz\/cs\/wp-json\/wp\/v2\/types\/page"}],"author":[{"embeddable":true,"href":"https:\/\/polonica.cz\/cs\/wp-json\/wp\/v2\/users\/1"}],"replies":[{"embeddable":true,"href":"https:\/\/polonica.cz\/cs\/wp-json\/wp\/v2\/comments?post=4147"}],"version-history":[{"count":10,"href":"https:\/\/polonica.cz\/cs\/wp-json\/wp\/v2\/pages\/4147\/revisions"}],"predecessor-version":[{"id":4683,"href":"https:\/\/polonica.cz\/cs\/wp-json\/wp\/v2\/pages\/4147\/revisions\/4683"}],"wp:featuredmedia":[{"embeddable":true,"href":"https:\/\/polonica.cz\/cs\/wp-json\/wp\/v2\/media\/3899"}],"wp:attachment":[{"href":"https:\/\/polonica.cz\/cs\/wp-json\/wp\/v2\/media?parent=4147"}],"curies":[{"name":"wp","href":"https:\/\/api.w.org\/{rel}","templated":true}]}}