{"id":4331,"date":"2025-03-20T11:29:29","date_gmt":"2025-03-20T10:29:29","guid":{"rendered":"http:\/\/polonica.cz\/?page_id=4331"},"modified":"2025-03-24T10:24:32","modified_gmt":"2025-03-24T09:24:32","slug":"rada-kongresu","status":"publish","type":"page","link":"https:\/\/polonica.cz\/cs\/kongres-polakow\/struktura\/rada-kongresu\/","title":{"rendered":"Rada Kongresu Polak\u00f3w w RC XIV kadencji"},"content":{"rendered":"<p>1.<mark style=\"background-color:rgba(0, 0, 0, 0)\" class=\"has-inline-color has-vivid-red-color\">&nbsp;<strong>Andrzej BIZO\u0143<\/strong><\/mark><\/p>\n\n\n\n<p>2.&nbsp;<mark style=\"background-color:rgba(0, 0, 0, 0)\" class=\"has-inline-color has-vivid-red-color\"><strong>Danuta KON\u00c9 &#8211; KR\u00d3L<\/strong><\/mark><\/p>\n\n\n\n<p>3.&nbsp;<mark style=\"background-color:rgba(0, 0, 0, 0)\" class=\"has-inline-color has-vivid-red-color\"><strong>Tomasz ONDEREK<\/strong><\/mark><\/p>\n\n\n\n<p>4.&nbsp;<mark style=\"background-color:rgba(0, 0, 0, 0)\" class=\"has-inline-color has-vivid-red-color\"><strong>Monika PL\u00c1\u0160KOV\u00c1<\/strong><\/mark><\/p>\n\n\n\n<p>5.&nbsp;<mark style=\"background-color:rgba(0, 0, 0, 0)\" class=\"has-inline-color has-vivid-red-color\"><strong>Micha\u0142 PRZYWARA<\/strong><\/mark><\/p>\n\n\n\n<p>6.<mark style=\"background-color:rgba(0, 0, 0, 0)\" class=\"has-inline-color has-vivid-red-color\">&nbsp;<strong>Tomasz PUST\u00d3WKA<\/strong><\/mark>&nbsp;&#8211; wiceprezes<\/p>\n\n\n\n<p>7.&nbsp;<mark style=\"background-color:rgba(0, 0, 0, 0)\" class=\"has-inline-color has-vivid-red-color\"><strong>J\u00f3zef SZYMECZEK<\/strong><\/mark>&nbsp;&#8211; wiceprezes<\/p>\n\n\n\n<p>8.&nbsp;<mark style=\"background-color:rgba(0, 0, 0, 0)\" class=\"has-inline-color has-vivid-red-color\"><strong>Lucyna \u0160K\u0147OU\u0158IL<\/strong><\/mark><\/p>\n\n\n\n<p>9.&nbsp;<mark style=\"background-color:rgba(0, 0, 0, 0)\" class=\"has-inline-color has-vivid-red-color\"><strong>Mariusz WA\u0141ACH<\/strong><\/mark>&nbsp;&#8211; prezes<\/p>\n\n\n\n<h3 class=\"wp-block-heading\">Rezerwowi Rady Kongresu Polak\u00f3w:<\/h3>\n\n\n\n<p><mark style=\"background-color:rgba(0, 0, 0, 0)\" class=\"has-inline-color has-vivid-red-color\"><strong>Andrzej SUCHANEK<\/strong><\/mark><\/p>\n\n\n\n<p><mark style=\"background-color:rgba(0, 0, 0, 0)\" class=\"has-inline-color has-vivid-red-color\"><strong>Dominik SIDEREK<\/strong><\/mark><\/p>\n\n\n\n<p><mark style=\"background-color:rgba(0, 0, 0, 0)\" class=\"has-inline-color has-vivid-red-color\"><strong>Barbara KUBICZEK<\/strong><\/mark><\/p>\n\n\n\n<p><\/p>","protected":false},"excerpt":{"rendered":"<p>1.&nbsp;Andrzej BIZO\u0143 2.&nbsp;Danuta KON\u00c9 &#8211; KR\u00d3L 3.&nbsp;Tomasz ONDEREK 4.&nbsp;Monika PL\u00c1\u0160KOV\u00c1 5.&nbsp;Micha\u0142 PRZYWARA 6.&nbsp;Tomasz PUST\u00d3WKA&nbsp;&#8211; wiceprezes 7.&nbsp;J\u00f3zef SZYMECZEK&nbsp;&#8211; wiceprezes 8.&nbsp;Lucyna \u0160K\u0147OU\u0158IL 9.&nbsp;Mariusz WA\u0141ACH&nbsp;&#8211; prezes Rezerwowi Rady Kongresu Polak\u00f3w: Andrzej SUCHANEK Dominik SIDEREK Barbara KUBICZEK<\/p>","protected":false},"author":1,"featured_media":3899,"parent":4179,"menu_order":0,"comment_status":"closed","ping_status":"closed","template":"","meta":{"_acf_changed":false,"footnotes":""},"class_list":["post-4331","page","type-page","status-publish","has-post-thumbnail","hentry"],"acf":[],"_links":{"self":[{"href":"https:\/\/polonica.cz\/cs\/wp-json\/wp\/v2\/pages\/4331","targetHints":{"allow":["GET"]}}],"collection":[{"href":"https:\/\/polonica.cz\/cs\/wp-json\/wp\/v2\/pages"}],"about":[{"href":"https:\/\/polonica.cz\/cs\/wp-json\/wp\/v2\/types\/page"}],"author":[{"embeddable":true,"href":"https:\/\/polonica.cz\/cs\/wp-json\/wp\/v2\/users\/1"}],"replies":[{"embeddable":true,"href":"https:\/\/polonica.cz\/cs\/wp-json\/wp\/v2\/comments?post=4331"}],"version-history":[{"count":3,"href":"https:\/\/polonica.cz\/cs\/wp-json\/wp\/v2\/pages\/4331\/revisions"}],"predecessor-version":[{"id":4424,"href":"https:\/\/polonica.cz\/cs\/wp-json\/wp\/v2\/pages\/4331\/revisions\/4424"}],"up":[{"embeddable":true,"href":"https:\/\/polonica.cz\/cs\/wp-json\/wp\/v2\/pages\/4179"}],"wp:featuredmedia":[{"embeddable":true,"href":"https:\/\/polonica.cz\/cs\/wp-json\/wp\/v2\/media\/3899"}],"wp:attachment":[{"href":"https:\/\/polonica.cz\/cs\/wp-json\/wp\/v2\/media?parent=4331"}],"curies":[{"name":"wp","href":"https:\/\/api.w.org\/{rel}","templated":true}]}}