{"id":4335,"date":"2025-03-20T12:32:30","date_gmt":"2025-03-20T11:32:30","guid":{"rendered":"http:\/\/polonica.cz\/?page_id=4335"},"modified":"2025-03-24T10:28:35","modified_gmt":"2025-03-24T09:28:35","slug":"rada-przedstawicieli","status":"publish","type":"page","link":"https:\/\/polonica.cz\/cs\/kongres-polakow\/struktura\/rada-przedstawicieli\/","title":{"rendered":"Rada Przedstawicieli KONGRESU POLAK\u00d3W w RC XIV kadencji"},"content":{"rendered":"<p><strong>Rada Przedstawicieli Kongresu Polak\u00f3w w RC sk\u0142ada si\u0119 z organizacji cz\u0142onkowskich Kongresu Polak\u00f3w w RC oraz Pe\u0142nomocnik\u00f3w gminnych.<\/strong><\/p>\n\n\n\n<p>Rada Przedstawicieli Kongresu Polak\u00f3w XIV kadencji na pierwszym posiedzeniu dnia 6 czerwca 2024 roku wybra\u0142a przewodnicz\u0105cego i wiceprzewodnicz\u0105cego Rady Przedstawicieli Kongresu Polak\u00f3w<\/p>\n\n\n\n<ul class=\"wp-block-list\">\n<li>przewodnicz\u0105cy Rady Przedstawicieli KP&nbsp;<mark style=\"background-color:rgba(0, 0, 0, 0)\" class=\"has-inline-color has-vivid-red-color\">Andrzej SUCHANEK<\/mark><\/li>\n\n\n\n<li>wiceprzewodnicz\u0105cy Rady Przedstawicieli KP&nbsp;<mark style=\"background-color:rgba(0, 0, 0, 0)\" class=\"has-inline-color has-vivid-red-color\">J\u00f3zef SZYMECZEK<\/mark><\/li>\n<\/ul>\n\n\n\n<h3 class=\"wp-block-heading\">Przedstawiciele Organizacji w Radzie Przedstawicieli KP XIV kadencji<\/h3>\n\n\n\n<ul class=\"wp-block-list\">\n<li><mark style=\"background-color:rgba(0, 0, 0, 0)\" class=\"has-inline-color has-vivid-red-color\">Cieszy\u0144skie Towarzystwo Fotograficzne<\/mark><\/li>\n\n\n\n<li><mark style=\"background-color:rgba(0, 0, 0, 0)\" class=\"has-inline-color has-vivid-red-color\">Harcerstwo Polskie w RC<\/mark>&nbsp;Andrzej GLAC, Filip KOZIE\u0141, Piotr POLOK<\/li>\n\n\n\n<li><mark style=\"background-color:rgba(0, 0, 0, 0)\" class=\"has-inline-color has-vivid-red-color\">Klub Polonus w Brnie<\/mark>&nbsp;Jacek \u015aLEWCZUK<\/li>\n\n\n\n<li><mark style=\"background-color:rgba(0, 0, 0, 0)\" class=\"has-inline-color has-vivid-red-color\">Klub Kultury<\/mark><\/li>\n\n\n\n<li><mark style=\"background-color:rgba(0, 0, 0, 0)\" class=\"has-inline-color has-vivid-red-color\">Klub Polski w Pradze<\/mark>&nbsp;Daria WR\u00d3BEL<\/li>\n\n\n\n<li><mark style=\"background-color:rgba(0, 0, 0, 0)\" class=\"has-inline-color has-vivid-red-color\">Klub Polski Lys\u00e1 nad Labem&nbsp;<\/mark>W\u0142adys\u0142aw ADAMIEC<\/li>\n\n\n\n<li><mark style=\"background-color:rgba(0, 0, 0, 0)\" class=\"has-inline-color has-vivid-red-color\">Macierz Szkolna w RC<\/mark>&nbsp;Marek BYSTRO\u0143<\/li>\n\n\n\n<li><mark style=\"background-color:rgba(0, 0, 0, 0)\" class=\"has-inline-color has-vivid-red-color\">MK PZKO Karwina-Nowe Miasto<\/mark>&nbsp;Stanis\u0142aw FIERLA<\/li>\n\n\n\n<li><mark style=\"background-color:rgba(0, 0, 0, 0)\" class=\"has-inline-color has-vivid-red-color\">Olza Pro<\/mark>&nbsp;Marek KONIECZNY, Stanis\u0142aw KO\u0142EK<\/li>\n\n\n\n<li><mark style=\"background-color:rgba(0, 0, 0, 0)\" class=\"has-inline-color has-vivid-red-color\">Polski Zwi\u0105zek Kulturalno\u2013O\u015bwiatowy<\/mark>&nbsp;Andrzej SUCHANEK<\/li>\n\n\n\n<li><mark style=\"background-color:rgba(0, 0, 0, 0)\" class=\"has-inline-color has-vivid-red-color\">Polskie Towarzystwo Medyczne<\/mark><\/li>\n\n\n\n<li><mark style=\"background-color:rgba(0, 0, 0, 0)\" class=\"has-inline-color has-vivid-red-color\">PTA &#8222;Ars Musica&#8221;<\/mark>&nbsp;Leszek KALINA, Jan BRANNY<\/li>\n\n\n\n<li><mark style=\"background-color:rgba(0, 0, 0, 0)\" class=\"has-inline-color has-vivid-red-color\">PT\u015a Collegium Canticorum<\/mark>&nbsp;Zygmunt BRANNY<\/li>\n\n\n\n<li><mark style=\"background-color:rgba(0, 0, 0, 0)\" class=\"has-inline-color has-vivid-red-color\">PTTS &#8222;Beskid \u015al\u0105ski&#8221;<\/mark>&nbsp;Halina TWARDZIK,<\/li>\n\n\n\n<li><mark style=\"background-color:rgba(0, 0, 0, 0)\" class=\"has-inline-color has-vivid-red-color\">Stowarzyszenie M\u0142odzie\u017cy Polskiej<\/mark>&nbsp;Stanis\u0142aw FRANEK, Micha\u0142 PRZYWARA<\/li>\n\n\n\n<li><mark style=\"background-color:rgba(0, 0, 0, 0)\" class=\"has-inline-color has-vivid-red-color\">Stowarzyszenie Emeryt\u00f3w Polskich<\/mark>&nbsp;Anna CIAHOTNA, Jadwiga BOCEK<\/li>\n\n\n\n<li><mark style=\"background-color:rgba(0, 0, 0, 0)\" class=\"has-inline-color has-vivid-red-color\">Stowarzyszenie Przyjaci\u00f3\u0142 Polskiej Ksi\u0105\u017cki<\/mark>&nbsp;Anna POMYKACZ, Ewa SIKORA<\/li>\n\n\n\n<li><mark style=\"background-color:rgba(0, 0, 0, 0)\" class=\"has-inline-color has-vivid-red-color\">Stowarzyszenie Rodzina<\/mark> Katy\u0144ska&nbsp;Halina PIJARSKA<\/li>\n\n\n\n<li><mark style=\"background-color:rgba(0, 0, 0, 0)\" class=\"has-inline-color has-vivid-red-color\">Towarzystwo Beskidzkich Kucharzy<\/mark>&nbsp;Henryk CIE\u015aLAR, J\u00f3zef SZYMECZEK<\/li>\n\n\n\n<li><mark style=\"background-color:rgba(0, 0, 0, 0)\" class=\"has-inline-color has-vivid-red-color\">Towarzystwo Nauczycieli Polskich<\/mark>&nbsp;Monika PL\u00c1\u0160KOV\u00c1<\/li>\n\n\n\n<li><mark style=\"background-color:rgba(0, 0, 0, 0)\" class=\"has-inline-color has-vivid-red-color\">Zaolzia\u0144skie Towarzystwo<\/mark> Fotograficzne&nbsp;Marian SIEDLACZEK<\/li>\n\n\n\n<li><mark style=\"background-color:rgba(0, 0, 0, 0)\" class=\"has-inline-color has-vivid-red-color\">Ko\u0142o Macierzy Szkolnej &#8211; PSP W\u0119drynia<\/mark>&nbsp;Jan BOCEK<\/li>\n\n\n\n<li><mark style=\"background-color:rgba(0, 0, 0, 0)\" class=\"has-inline-color has-vivid-red-color\">Polskie Stowarzyszenie Artyst\u00f3w Plastyk\u00f3w w RC<\/mark>&nbsp;Barbara KOWALCZYK, Ewa \u0106MOK<\/li>\n\n\n\n<li><mark style=\"background-color:rgba(0, 0, 0, 0)\" class=\"has-inline-color has-vivid-red-color\">Zaolzie Potrafi<\/mark>&nbsp;Daria WO\u0179NICA, Izabela WA\u0142ASKA<\/li>\n\n\n\n<li><mark style=\"background-color:rgba(0, 0, 0, 0)\" class=\"has-inline-color has-vivid-red-color\">Zaolzia\u0144skie Stowarzyszenie Lotnicze im. Franciszka \u017bwirki i Stanis\u0142awa Wigury<\/mark>&nbsp;Dariusz CYMERYS, J\u00f3zef CZAPLA<\/li>\n<\/ul>\n\n\n\n<h3 class=\"wp-block-heading\">Pe\u0142nomocnicy Gminni KONGRESU POLAK\u00d3W w RC<\/h3>\n\n\n\n<ul class=\"wp-block-list\">\n<li><mark style=\"background-color:rgba(0, 0, 0, 0)\" class=\"has-inline-color has-vivid-red-color\">Boconowice<\/mark>&nbsp;Marek S\u0142OWIACZEK<\/li>\n\n\n\n<li><mark style=\"background-color:rgba(0, 0, 0, 0)\" class=\"has-inline-color has-vivid-red-color\">Brno&nbsp;Danuta<\/mark> KON\u00c9 &#8211; KR\u00d3L<\/li>\n\n\n\n<li><mark style=\"background-color:rgba(0, 0, 0, 0)\" class=\"has-inline-color has-vivid-red-color\">Bukowiec<\/mark>&nbsp;Robert KULIG, Jakub KO\u0142OZIEJ<\/li>\n\n\n\n<li><mark style=\"background-color:rgba(0, 0, 0, 0)\" class=\"has-inline-color has-vivid-red-color\">Bystrzyca&nbsp;<\/mark>Stanis\u0142aw BIELESZ, Renata FOLWARCZNA<\/li>\n\n\n\n<li><mark style=\"background-color:rgba(0, 0, 0, 0)\" class=\"has-inline-color has-vivid-red-color\">Cierlicko i Stanis\u0142owice<\/mark>&nbsp;Adam W\u0142OSOK, Adam WANTULOK<\/li>\n\n\n\n<li><mark style=\"background-color:rgba(0, 0, 0, 0)\" class=\"has-inline-color has-vivid-red-color\">Czeski Cieszyn<\/mark>&nbsp;Tomasz ONDEREK, Dominik SIDEREK<\/li>\n\n\n\n<li><mark style=\"background-color:rgba(0, 0, 0, 0)\" class=\"has-inline-color has-vivid-red-color\">Gnojnik<\/mark>&nbsp;Marcin STEBEL, Jerzy TOBO\u0141A<\/li>\n\n\n\n<li><mark style=\"background-color:rgba(0, 0, 0, 0)\" class=\"has-inline-color has-vivid-red-color\">Gr\u00f3dek&nbsp;<\/mark>Barbara K\u00daDELOV\u00c1, Ewa RYLKO<\/li>\n\n\n\n<li><mark style=\"background-color:rgba(0, 0, 0, 0)\" class=\"has-inline-color has-vivid-red-color\">Hawierz\u00f3w<\/mark>&nbsp;Artur GRUDZI\u0143SKI, Zygmunt GRUDZI\u0143SKI<\/li>\n\n\n\n<li><mark style=\"background-color:rgba(0, 0, 0, 0)\" class=\"has-inline-color has-vivid-red-color\">Jab\u0142onk\u00f3w&nbsp;<\/mark>Andrea SKUPIE\u0143 KAPSIA, Danuta BRANNA<\/li>\n\n\n\n<li><mark style=\"background-color:rgba(0, 0, 0, 0)\" class=\"has-inline-color has-vivid-red-color\">Karwina&nbsp;<\/mark>Zbigniew MIKESZ, Eugeniusz HERMAN<\/li>\n\n\n\n<li><mark style=\"background-color:rgba(0, 0, 0, 0)\" class=\"has-inline-color has-vivid-red-color\">Kocob\u0119dz&nbsp;<\/mark>Natalia BRANNY<\/li>\n\n\n\n<li><mark style=\"background-color:rgba(0, 0, 0, 0)\" class=\"has-inline-color has-vivid-red-color\">Koszarzyska&nbsp;<\/mark>Jerzy SIKORA, Alina KO\u010eO\u0147OV\u00c1<\/li>\n\n\n\n<li><mark style=\"background-color:rgba(0, 0, 0, 0)\" class=\"has-inline-color has-vivid-red-color\">Ligotka Kameralna<\/mark>&nbsp;Marian SZPYRC, Zuzana MLAD\u00c1<\/li>\n\n\n\n<li><mark style=\"background-color:rgba(0, 0, 0, 0)\" class=\"has-inline-color has-vivid-red-color\">Lutynia Dolna<\/mark>&nbsp;Jan CZAPEK<\/li>\n\n\n\n<li><mark style=\"background-color:rgba(0, 0, 0, 0)\" class=\"has-inline-color has-vivid-red-color\">\u0141omna Dolna<\/mark>&nbsp;Adam KOLASA, Marcela SZOTKOWSKA<\/li>\n\n\n\n<li><mark style=\"background-color:rgba(0, 0, 0, 0)\" class=\"has-inline-color has-vivid-red-color\">Milik\u00f3w&nbsp;<\/mark>W\u0142adys\u0142aw BR\u00d3ZDA, Anna CIE\u015aLAROV\u00c1<\/li>\n\n\n\n<li><mark style=\"background-color:rgba(0, 0, 0, 0)\" class=\"has-inline-color has-vivid-red-color\">Mosty ko\u0142o Jab\u0142onkowa&nbsp;<\/mark>Jakub CZEPIEC, Erwin TUREK<\/li>\n\n\n\n<li><mark style=\"background-color:rgba(0, 0, 0, 0)\" class=\"has-inline-color has-vivid-red-color\">Nawsie<\/mark>&nbsp;Rodan LISZTWAN, Jan HECZKO<\/li>\n\n\n\n<li><mark style=\"background-color:rgba(0, 0, 0, 0)\" class=\"has-inline-color has-vivid-red-color\">Nydek&nbsp;<\/mark>Pawe\u0142 SZYMECZEK, Micha\u0142 MILERSKI<\/li>\n\n\n\n<li><mark style=\"background-color:rgba(0, 0, 0, 0)\" class=\"has-inline-color has-vivid-red-color\">Olbrachcice&nbsp;<\/mark>Marcela PALOWSKA, Leszek MR\u00d3ZEK<\/li>\n\n\n\n<li><mark style=\"background-color:rgba(0, 0, 0, 0)\" class=\"has-inline-color has-vivid-red-color\">Or\u0142owa &#8211; Lutynia<\/mark>&nbsp;Dalia \u015aLIWKOVA, Jan MARCINIAK<\/li>\n\n\n\n<li><mark style=\"background-color:rgba(0, 0, 0, 0)\" class=\"has-inline-color has-vivid-red-color\">Ostrawa&nbsp;<\/mark>Barbara BUBIKOV\u00c1, Barbara KURZEJOV\u00c1<\/li>\n\n\n\n<li><mark style=\"background-color:rgba(0, 0, 0, 0)\" class=\"has-inline-color has-vivid-red-color\">Piosek&nbsp;<\/mark>Chrystian HECZKO<\/li>\n\n\n\n<li><mark style=\"background-color:rgba(0, 0, 0, 0)\" class=\"has-inline-color has-vivid-red-color\">Pioseczna&nbsp;<\/mark>Dariusz CYMERYS<\/li>\n\n\n\n<li><mark style=\"background-color:rgba(0, 0, 0, 0)\" class=\"has-inline-color has-vivid-red-color\">Piotrowice \u2013 Marklowice<\/mark>&nbsp;Jadwiga KAROLCZYK, Barbara KAROLCZYK<\/li>\n\n\n\n<li><mark style=\"background-color:rgba(0, 0, 0, 0)\" class=\"has-inline-color has-vivid-red-color\">Praga&nbsp;<\/mark>Pawe\u0142 KAWALEREK, Micha\u0142 Chrz\u0105stowski<\/li>\n\n\n\n<li><mark style=\"background-color:rgba(0, 0, 0, 0)\" class=\"has-inline-color has-vivid-red-color\">Ropica&nbsp;<\/mark>J\u00f3zef KOZDRA, Jan JOSIEK<\/li>\n\n\n\n<li><mark style=\"background-color:rgba(0, 0, 0, 0)\" class=\"has-inline-color has-vivid-red-color\">Rzeka&nbsp;<\/mark>Karolina BR\u00d3ZDA, Lucyna OL\u0160AROV\u00c1<\/li>\n\n\n\n<li><mark style=\"background-color:rgba(0, 0, 0, 0)\" class=\"has-inline-color has-vivid-red-color\">Stonawa&nbsp;<\/mark>Bogdan KOKOTEK, Wojciech FEBER<\/li>\n\n\n\n<li><mark style=\"background-color:rgba(0, 0, 0, 0)\" class=\"has-inline-color has-vivid-red-color\">Sucha G\u00f3rna&nbsp;<\/mark>Renata CHLEBIK<\/li>\n\n\n\n<li><mark style=\"background-color:rgba(0, 0, 0, 0)\" class=\"has-inline-color has-vivid-red-color\">\u015ami\u0142owice&nbsp;<\/mark>Halina KOWALCZYK, Gustaw CHWISTEK<\/li>\n\n\n\n<li><mark style=\"background-color:rgba(0, 0, 0, 0)\" class=\"has-inline-color has-vivid-red-color\">Trzanowice&nbsp;<\/mark>Dagmar KLUZOV\u00c1, Dorota UHERKOV\u00c1<\/li>\n\n\n\n<li><mark style=\"background-color:rgba(0, 0, 0, 0)\" class=\"has-inline-color has-vivid-red-color\">Trzycie\u017c&nbsp;<\/mark>Agata UJKOVA, Lech ZAWADZKI<\/li>\n\n\n\n<li><mark style=\"background-color:rgba(0, 0, 0, 0)\" class=\"has-inline-color has-vivid-red-color\">Trzyniec<\/mark>&nbsp;Dawid SZKANDERA, Wies\u0142aw WANIA<\/li>\n\n\n\n<li><mark style=\"background-color:rgba(0, 0, 0, 0)\" class=\"has-inline-color has-vivid-red-color\">W\u0119drynia&nbsp;<\/mark>Karin FARNA, Renata G\u0105siorowska<\/li>\n<\/ul>\n\n\n\n    <div class=\"custom-download-button\">\n        <a href=\"\/wp-content\/uploads\/2025\/03\/rpkp2023.xlsx\" target=\"_blank\">\n             <span class=\"download-icon\">\n                <img decoding=\"async\" src=\"\/wp-content\/uploads\/2025\/03\/xlsx.fw_.png\" alt=\"Download Icon\">\n            <\/span>\n            <span class=\"download-text\">RPKP Lista obecno\u015bci<\/span>\n                            <span class=\"download-size\">16,3 kB<\/span>\n                    <\/a>\n    <\/div>","protected":false},"excerpt":{"rendered":"<p>Rada Przedstawicieli Kongresu Polak\u00f3w w RC sk\u0142ada si\u0119 z organizacji cz\u0142onkowskich Kongresu Polak\u00f3w w RC oraz Pe\u0142nomocnik\u00f3w gminnych. Rada Przedstawicieli Kongresu Polak\u00f3w XIV kadencji na pierwszym posiedzeniu dnia 6 czerwca 2024 roku wybra\u0142a przewodnicz\u0105cego i wiceprzewodnicz\u0105cego Rady Przedstawicieli Kongresu Polak\u00f3w Przedstawiciele Organizacji w Radzie Przedstawicieli KP XIV kadencji Pe\u0142nomocnicy Gminni KONGRESU POLAK\u00d3W w RC<\/p>","protected":false},"author":1,"featured_media":3899,"parent":4179,"menu_order":0,"comment_status":"closed","ping_status":"closed","template":"","meta":{"_acf_changed":false,"footnotes":""},"class_list":["post-4335","page","type-page","status-publish","has-post-thumbnail","hentry"],"acf":[],"_links":{"self":[{"href":"https:\/\/polonica.cz\/cs\/wp-json\/wp\/v2\/pages\/4335","targetHints":{"allow":["GET"]}}],"collection":[{"href":"https:\/\/polonica.cz\/cs\/wp-json\/wp\/v2\/pages"}],"about":[{"href":"https:\/\/polonica.cz\/cs\/wp-json\/wp\/v2\/types\/page"}],"author":[{"embeddable":true,"href":"https:\/\/polonica.cz\/cs\/wp-json\/wp\/v2\/users\/1"}],"replies":[{"embeddable":true,"href":"https:\/\/polonica.cz\/cs\/wp-json\/wp\/v2\/comments?post=4335"}],"version-history":[{"count":4,"href":"https:\/\/polonica.cz\/cs\/wp-json\/wp\/v2\/pages\/4335\/revisions"}],"predecessor-version":[{"id":4426,"href":"https:\/\/polonica.cz\/cs\/wp-json\/wp\/v2\/pages\/4335\/revisions\/4426"}],"up":[{"embeddable":true,"href":"https:\/\/polonica.cz\/cs\/wp-json\/wp\/v2\/pages\/4179"}],"wp:featuredmedia":[{"embeddable":true,"href":"https:\/\/polonica.cz\/cs\/wp-json\/wp\/v2\/media\/3899"}],"wp:attachment":[{"href":"https:\/\/polonica.cz\/cs\/wp-json\/wp\/v2\/media?parent=4335"}],"curies":[{"name":"wp","href":"https:\/\/api.w.org\/{rel}","templated":true}]}}