{"id":4353,"date":"2025-03-20T12:35:32","date_gmt":"2025-03-20T11:35:32","guid":{"rendered":"http:\/\/polonica.cz\/?page_id=4353"},"modified":"2025-03-24T10:29:16","modified_gmt":"2025-03-24T09:29:16","slug":"rada-nadzorcza","status":"publish","type":"page","link":"https:\/\/polonica.cz\/cs\/kongres-polakow\/struktura\/rada-nadzorcza\/","title":{"rendered":"Rada Nadzorcza Kongresu Polak\u00f3w w RC"},"content":{"rendered":"<p><strong>Wybrana na XIV Zgromadzeniu Og\u00f3lnym KP w RC 20. 4. 2024 w Domu Kultury &#8222;Strzelnica&#8221; (w porz\u0105dku alfabetycznym)<\/strong><\/p>\n\n\n\n<ul class=\"wp-block-list\">\n<li><mark style=\"background-color:rgba(0, 0, 0, 0)\" class=\"has-inline-color has-vivid-red-color\">Dariusz BRANNY<\/mark>&nbsp;&#8211; wiceprezes<\/li>\n\n\n\n<li><mark style=\"background-color:rgba(0, 0, 0, 0)\" class=\"has-inline-color has-vivid-red-color\">Szymon CIAHOTNY<\/mark><\/li>\n\n\n\n<li><mark style=\"background-color:rgba(0, 0, 0, 0)\" class=\"has-inline-color has-vivid-red-color\">Pawe\u0142 KAWULOK<\/mark><\/li>\n\n\n\n<li><mark style=\"background-color:rgba(0, 0, 0, 0)\" class=\"has-inline-color has-vivid-red-color\">Helena LEGOWICZ<\/mark><\/li>\n\n\n\n<li><mark style=\"background-color:rgba(0, 0, 0, 0)\" class=\"has-inline-color has-vivid-red-color\">Rafa\u0142 ZAWADZKI<\/mark>&nbsp;&#8211; prezes<\/li>\n<\/ul>\n\n\n\n<p><\/p>","protected":false},"excerpt":{"rendered":"<p>Wybrana na XIV Zgromadzeniu Og\u00f3lnym KP w RC 20. 4. 2024 w Domu Kultury &#8222;Strzelnica&#8221; (w porz\u0105dku alfabetycznym)<\/p>","protected":false},"author":1,"featured_media":3899,"parent":4179,"menu_order":0,"comment_status":"closed","ping_status":"closed","template":"","meta":{"_acf_changed":false,"footnotes":""},"class_list":["post-4353","page","type-page","status-publish","has-post-thumbnail","hentry"],"acf":[],"_links":{"self":[{"href":"https:\/\/polonica.cz\/cs\/wp-json\/wp\/v2\/pages\/4353","targetHints":{"allow":["GET"]}}],"collection":[{"href":"https:\/\/polonica.cz\/cs\/wp-json\/wp\/v2\/pages"}],"about":[{"href":"https:\/\/polonica.cz\/cs\/wp-json\/wp\/v2\/types\/page"}],"author":[{"embeddable":true,"href":"https:\/\/polonica.cz\/cs\/wp-json\/wp\/v2\/users\/1"}],"replies":[{"embeddable":true,"href":"https:\/\/polonica.cz\/cs\/wp-json\/wp\/v2\/comments?post=4353"}],"version-history":[{"count":2,"href":"https:\/\/polonica.cz\/cs\/wp-json\/wp\/v2\/pages\/4353\/revisions"}],"predecessor-version":[{"id":4427,"href":"https:\/\/polonica.cz\/cs\/wp-json\/wp\/v2\/pages\/4353\/revisions\/4427"}],"up":[{"embeddable":true,"href":"https:\/\/polonica.cz\/cs\/wp-json\/wp\/v2\/pages\/4179"}],"wp:featuredmedia":[{"embeddable":true,"href":"https:\/\/polonica.cz\/cs\/wp-json\/wp\/v2\/media\/3899"}],"wp:attachment":[{"href":"https:\/\/polonica.cz\/cs\/wp-json\/wp\/v2\/media?parent=4353"}],"curies":[{"name":"wp","href":"https:\/\/api.w.org\/{rel}","templated":true}]}}