{"id":4356,"date":"2025-03-20T12:41:41","date_gmt":"2025-03-20T11:41:41","guid":{"rendered":"http:\/\/polonica.cz\/?page_id=4356"},"modified":"2025-03-20T12:41:52","modified_gmt":"2025-03-20T11:41:52","slug":"regranting-2023","status":"publish","type":"page","link":"https:\/\/polonica.cz\/cs\/kongres-polakow\/projekty\/regranting-2023\/","title":{"rendered":"Regranting 2023"},"content":{"rendered":"<p><strong>W 2023 roku, dzi\u0119ki aplikacjom z\u0142o\u017conym w ramach konkursu pn .&#8221;Polska jest spoko&#8221; &#8211; konkurs na realizacj\u0119 mikrorpojekt\u00f3w dla Polak\u00f3w z Republiki Czeskiej organizowanego przez Fundacj\u0119 Volens, Centrum Polskie Kongresu Polak\u00f3w w RC zrealizowa\u0142o kilka kluczowych projekt\u00f3w. Te inicjatywy znacz\u0105co przyczyni\u0142y si\u0119 do wzmocnienia to\u017csamo\u015bci i piel\u0119gnowania kultury Polak\u00f3w Zaolzia\u0144skich, rozwijaj\u0105c przy tym szereg dzia\u0142a\u0144 medialnych i kulturalnych. Szczeg\u00f3\u0142y dotycz\u0105ce realizowanych projekt\u00f3w, w tym ich zakres, cele i osi\u0105gni\u0119cia, zosta\u0142y dok\u0142adnie opisane poni\u017cej:<\/strong><\/p>\n\n\n\n<figure class=\"wp-block-image\"><img decoding=\"async\" src=\"https:\/\/www.polonica.cz\/Files\/Image\/2023_RP&amp;HERB.png\" alt=\"\"\/><\/figure>\n\n\n\n<p><strong><mark style=\"background-color:rgba(0, 0, 0, 0)\" class=\"has-inline-color has-vivid-red-color\">&#8222;\u015aL\u0104SK ZA OLZ\u0104&#8221;<\/mark><\/strong>\u00a0&#8211; produkcja audiobooka.<\/p>\n\n\n\n<p><mark style=\"background-color:rgba(0, 0, 0, 0)\" class=\"has-inline-color has-vivid-red-color\"><strong>&#8222;Spotkania z Polsk\u0105&#8221;<\/strong><\/mark>\u00a0&#8211; cykl spotka\u0144 maj\u0105cych na celu przybli\u017cenie wsp\u00f3\u0142czesnej polskiej my\u015bli politycznej na Zaolziu.<\/p>\n\n\n\n<p><strong><mark style=\"background-color:rgba(0, 0, 0, 0)\" class=\"has-inline-color has-vivid-red-color\">&#8222;Promocja Wsp\u00f3\u0142czesnej Literatury Polskiej w Czechach&#8221;<\/mark><\/strong>\u00a0&#8211; projekt przek\u0142adu polskiego dzie\u0142a literackiego na j\u0119zyk czeski i publikacji w formie e-booka.<\/p>\n\n\n\n<p><strong><mark style=\"background-color:rgba(0, 0, 0, 0)\" class=\"has-inline-color has-vivid-red-color\">&#8222;Studytourowy &#8211; Odczarowa\u0107 Zaolzie 2023&#8221;<\/mark><\/strong>\u00a0&#8211; organizacja studytour\u00f3w maj\u0105cych na celu zmian\u0119 percepcji i zrozumienia historii Zaolzia.<\/p>\n\n\n\n<p><strong><mark style=\"background-color:rgba(0, 0, 0, 0)\" class=\"has-inline-color has-vivid-red-color\">&#8222;Synergia Narracji Patriotycznej\u00a0&#8211; Kalendarz Polski&#8221;<\/mark><\/strong> &#8211; szkolenie dla administrator\u00f3w polonijnych profili w mediach spo\u0142eczno\u015bciowych na temat tworzenia nowoczesnego przekazu patriotycznego.<\/p>\n\n\n\n<p><strong><mark style=\"background-color:rgba(0, 0, 0, 0)\" class=\"has-inline-color has-vivid-red-color\">&#8222;\u015awi\u0105teczna Kartka do Polski&#8221;<\/mark><\/strong>\u00a0&#8211; projekt zaanga\u017cowania m\u0142odych Polak\u00f3w na Zaolziu w tworzenie kartek \u015bwi\u0105tecznych.<\/p>\n\n\n\n<p><strong><mark style=\"background-color:rgba(0, 0, 0, 0)\" class=\"has-inline-color has-vivid-red-color\">&#8222;Monitoring s\u0142owa: ZAOLZIE&#8221;<\/mark><\/strong>\u00a0&#8211; projekt korygowania fa\u0142szywej narracji historycznej dotycz\u0105cej Zaolzia.<\/p>\n\n\n\n<p><strong><mark style=\"background-color:rgba(0, 0, 0, 0)\" class=\"has-inline-color has-vivid-red-color\">&#8222;\u015aL\u0104SK ZA OLZ\u0104&#8221;<\/mark><\/strong>\u00a0&#8211; reprint zapomnianego reporta\u017cu Paw\u0142a Hulki-Laskowskiego.<\/p>","protected":false},"excerpt":{"rendered":"<p>W 2023 roku, dzi\u0119ki aplikacjom z\u0142o\u017conym w ramach konkursu pn .&#8221;Polska jest spoko&#8221; &#8211; konkurs na realizacj\u0119 mikrorpojekt\u00f3w dla Polak\u00f3w z Republiki Czeskiej organizowanego przez Fundacj\u0119 Volens, Centrum Polskie Kongresu Polak\u00f3w w RC zrealizowa\u0142o kilka kluczowych projekt\u00f3w. Te inicjatywy znacz\u0105co przyczyni\u0142y si\u0119 do wzmocnienia to\u017csamo\u015bci i piel\u0119gnowania kultury Polak\u00f3w Zaolzia\u0144skich, rozwijaj\u0105c przy tym szereg dzia\u0142a\u0144 [&hellip;]<\/p>","protected":false},"author":1,"featured_media":3899,"parent":4214,"menu_order":0,"comment_status":"closed","ping_status":"closed","template":"","meta":{"_acf_changed":false,"footnotes":""},"class_list":["post-4356","page","type-page","status-publish","has-post-thumbnail","hentry"],"acf":[],"_links":{"self":[{"href":"https:\/\/polonica.cz\/cs\/wp-json\/wp\/v2\/pages\/4356","targetHints":{"allow":["GET"]}}],"collection":[{"href":"https:\/\/polonica.cz\/cs\/wp-json\/wp\/v2\/pages"}],"about":[{"href":"https:\/\/polonica.cz\/cs\/wp-json\/wp\/v2\/types\/page"}],"author":[{"embeddable":true,"href":"https:\/\/polonica.cz\/cs\/wp-json\/wp\/v2\/users\/1"}],"replies":[{"embeddable":true,"href":"https:\/\/polonica.cz\/cs\/wp-json\/wp\/v2\/comments?post=4356"}],"version-history":[{"count":1,"href":"https:\/\/polonica.cz\/cs\/wp-json\/wp\/v2\/pages\/4356\/revisions"}],"predecessor-version":[{"id":4358,"href":"https:\/\/polonica.cz\/cs\/wp-json\/wp\/v2\/pages\/4356\/revisions\/4358"}],"up":[{"embeddable":true,"href":"https:\/\/polonica.cz\/cs\/wp-json\/wp\/v2\/pages\/4214"}],"wp:featuredmedia":[{"embeddable":true,"href":"https:\/\/polonica.cz\/cs\/wp-json\/wp\/v2\/media\/3899"}],"wp:attachment":[{"href":"https:\/\/polonica.cz\/cs\/wp-json\/wp\/v2\/media?parent=4356"}],"curies":[{"name":"wp","href":"https:\/\/api.w.org\/{rel}","templated":true}]}}