{"id":4367,"date":"2025-03-21T09:49:03","date_gmt":"2025-03-21T08:49:03","guid":{"rendered":"http:\/\/polonica.cz\/?page_id=4367"},"modified":"2025-03-25T09:52:39","modified_gmt":"2025-03-25T08:52:39","slug":"spotkania-teatralno-filmowe","status":"publish","type":"page","link":"https:\/\/polonica.cz\/cs\/kongres-polakow\/projekty\/spotkania-teatralno-filmowe\/","title":{"rendered":"Spotkania Teatralno-Filmowe Koszarzyska Pasieczki 2009"},"content":{"rendered":"<p><strong>Warsztaty zosta\u0142y dofinansowane ze \u015brodk\u00f3w Ministerstwa Kultury RC oraz Stowarzyszenia &#8222;Wsp\u00f3lnota Polska&#8221;.<\/strong><\/p>\n\n\n\n<br><br>\n\n\n\n<h3 class=\"wp-block-heading\">Dokumenty ke sta\u017een\u00ed:<\/h3>\n\n\n\n    <div class=\"custom-download-button\">\n        <a href=\"\" target=\"_blank\">\n             <span class=\"download-icon\">\n                <img decoding=\"async\" src=\"\/wp-content\/uploads\/2025\/03\/docx.fw_.png\" alt=\"Download Icon\">\n            <\/span>\n            <span class=\"download-text\">Zg\u0142oszenie<\/span>\n                            <span class=\"download-size\">33,8 kB<\/span>\n                    <\/a>\n    <\/div>\n    \n    <div class=\"custom-download-button\">\n        <a href=\"\/wp-content\/uploads\/2025\/03\/Warsztaty-teatralno-filmowe-plakat.pdf\" target=\"_blank\">\n             <span class=\"download-icon\">\n                <img decoding=\"async\" src=\"\/wp-content\/uploads\/2025\/03\/adobe_logo.png\" alt=\"Download Icon\">\n            <\/span>\n            <span class=\"download-text\">Plakat do pobrania<\/span>\n                            <span class=\"download-size\">6656,6 kB<\/span>\n                    <\/a>\n    <\/div>\n    \n\n\n\n<p><\/p>","protected":false},"excerpt":{"rendered":"<p>Warsztaty zosta\u0142y dofinansowane ze \u015brodk\u00f3w Ministerstwa Kultury RC oraz Stowarzyszenia &#8222;Wsp\u00f3lnota Polska&#8221;. Dokumenty do pobrania:<\/p>","protected":false},"author":1,"featured_media":3899,"parent":4214,"menu_order":0,"comment_status":"closed","ping_status":"closed","template":"","meta":{"_acf_changed":false,"footnotes":""},"class_list":["post-4367","page","type-page","status-publish","has-post-thumbnail","hentry"],"acf":[],"_links":{"self":[{"href":"https:\/\/polonica.cz\/cs\/wp-json\/wp\/v2\/pages\/4367","targetHints":{"allow":["GET"]}}],"collection":[{"href":"https:\/\/polonica.cz\/cs\/wp-json\/wp\/v2\/pages"}],"about":[{"href":"https:\/\/polonica.cz\/cs\/wp-json\/wp\/v2\/types\/page"}],"author":[{"embeddable":true,"href":"https:\/\/polonica.cz\/cs\/wp-json\/wp\/v2\/users\/1"}],"replies":[{"embeddable":true,"href":"https:\/\/polonica.cz\/cs\/wp-json\/wp\/v2\/comments?post=4367"}],"version-history":[{"count":5,"href":"https:\/\/polonica.cz\/cs\/wp-json\/wp\/v2\/pages\/4367\/revisions"}],"predecessor-version":[{"id":4512,"href":"https:\/\/polonica.cz\/cs\/wp-json\/wp\/v2\/pages\/4367\/revisions\/4512"}],"up":[{"embeddable":true,"href":"https:\/\/polonica.cz\/cs\/wp-json\/wp\/v2\/pages\/4214"}],"wp:featuredmedia":[{"embeddable":true,"href":"https:\/\/polonica.cz\/cs\/wp-json\/wp\/v2\/media\/3899"}],"wp:attachment":[{"href":"https:\/\/polonica.cz\/cs\/wp-json\/wp\/v2\/media?parent=4367"}],"curies":[{"name":"wp","href":"https:\/\/api.w.org\/{rel}","templated":true}]}}