{"id":4371,"date":"2025-03-21T09:51:27","date_gmt":"2025-03-21T08:51:27","guid":{"rendered":"http:\/\/polonica.cz\/?page_id=4371"},"modified":"2025-03-21T09:51:36","modified_gmt":"2025-03-21T08:51:36","slug":"kurs-fotograficzny","status":"publish","type":"page","link":"https:\/\/polonica.cz\/cs\/kongres-polakow\/projekty\/kurs-fotograficzny\/","title":{"rendered":"Kurs Fotograficzny"},"content":{"rendered":"<p><strong>Wsp\u00f3\u0142praca Kongresu Polak\u00f3w w RC oraz Zaolzia\u0144skiego Towarzystwa Fotograficznego ju\u017c od paru lat owocuje organizowanymi przez te dwa stowarzyszenia kursami fotograficznymi. W tym roku plenerowy kurs fotograficzny odby\u0142 si\u0119 w Jab\u0142onkowie i okolicy. My\u015bl\u0105 przewodni\u0105 za\u015b by\u0142a fotografia analogowa, czyli powr\u00f3t do &#8222;tradycyjnych&#8221; metod (w dzisiejszym \u015bwiecie cyfrowym) sztuki fotografii. Wyniki pleneru b\u0119dzie mo\u017cna poogl\u0105da\u0107 na przygotowywanej wystawie poplenerowej, na kt\u00f3r\u0105 bardzo serdecznie zapraszamy. Poni\u017cej za\u015b prezentujemy skromn\u0105 fotogaleri\u0119 zdj\u0119\u0107 z pleneru &#8222;Jab\u0142onk\u00f3w 2009&#8221;.<\/strong><\/p>\n\n\n\n<p>Warsztaty odby\u0142y si\u0119 w ramach projektu Tacy Jeste\u015bmy, kt\u00f3ry zosta\u0142 dofinansowany przez Ministerstwo Kultury RC, Wojew\u00f3dzwto Morawsko\u015bl\u0105skie, Miasto Czeski Cieszyn, Fundacj\u0119 Pomoc Polakom na Wschodzie oraz Stowarzyszenie &#8222;Wsp\u00f3lnota Polska&#8221;.<\/p>","protected":false},"excerpt":{"rendered":"<p>Wsp\u00f3\u0142praca Kongresu Polak\u00f3w w RC oraz Zaolzia\u0144skiego Towarzystwa Fotograficznego ju\u017c od paru lat owocuje organizowanymi przez te dwa stowarzyszenia kursami fotograficznymi. W tym roku plenerowy kurs fotograficzny odby\u0142 si\u0119 w Jab\u0142onkowie i okolicy. My\u015bl\u0105 przewodni\u0105 za\u015b by\u0142a fotografia analogowa, czyli powr\u00f3t do &#8222;tradycyjnych&#8221; metod (w dzisiejszym \u015bwiecie cyfrowym) sztuki fotografii. Wyniki pleneru b\u0119dzie mo\u017cna poogl\u0105da\u0107 [&hellip;]<\/p>","protected":false},"author":1,"featured_media":3899,"parent":4214,"menu_order":0,"comment_status":"closed","ping_status":"closed","template":"","meta":{"_acf_changed":false,"footnotes":""},"class_list":["post-4371","page","type-page","status-publish","has-post-thumbnail","hentry"],"acf":[],"_links":{"self":[{"href":"https:\/\/polonica.cz\/cs\/wp-json\/wp\/v2\/pages\/4371","targetHints":{"allow":["GET"]}}],"collection":[{"href":"https:\/\/polonica.cz\/cs\/wp-json\/wp\/v2\/pages"}],"about":[{"href":"https:\/\/polonica.cz\/cs\/wp-json\/wp\/v2\/types\/page"}],"author":[{"embeddable":true,"href":"https:\/\/polonica.cz\/cs\/wp-json\/wp\/v2\/users\/1"}],"replies":[{"embeddable":true,"href":"https:\/\/polonica.cz\/cs\/wp-json\/wp\/v2\/comments?post=4371"}],"version-history":[{"count":1,"href":"https:\/\/polonica.cz\/cs\/wp-json\/wp\/v2\/pages\/4371\/revisions"}],"predecessor-version":[{"id":4373,"href":"https:\/\/polonica.cz\/cs\/wp-json\/wp\/v2\/pages\/4371\/revisions\/4373"}],"up":[{"embeddable":true,"href":"https:\/\/polonica.cz\/cs\/wp-json\/wp\/v2\/pages\/4214"}],"wp:featuredmedia":[{"embeddable":true,"href":"https:\/\/polonica.cz\/cs\/wp-json\/wp\/v2\/media\/3899"}],"wp:attachment":[{"href":"https:\/\/polonica.cz\/cs\/wp-json\/wp\/v2\/media?parent=4371"}],"curies":[{"name":"wp","href":"https:\/\/api.w.org\/{rel}","templated":true}]}}