{"id":4374,"date":"2025-03-21T09:52:10","date_gmt":"2025-03-21T08:52:10","guid":{"rendered":"http:\/\/polonica.cz\/?page_id=4374"},"modified":"2025-03-21T09:53:04","modified_gmt":"2025-03-21T08:53:04","slug":"warsztaty-malarskie","status":"publish","type":"page","link":"https:\/\/polonica.cz\/cs\/kongres-polakow\/projekty\/warsztaty-malarskie\/","title":{"rendered":"Warsztaty Malarskie"},"content":{"rendered":"<p><strong>Przez dwa tygodnie (14-29.8.2009) w Ligotce Kameralnej trwa\u0142y plenerowe warsztaty malarskie, kt\u00f3rych organizatorami byli Kongres Polak\u00f3w w RC oraz Polskie Stowarzyszenie Artyst\u00f3w Plastyk\u00f3w w RC. Tym razem pi\u0105tka talentowanych m\u0142odych artyst\u00f3w mia\u0142a okazj\u0119 podgl\u0105da\u0107 warsztat pracy artyst\u00f3w zaolzia\u0144skich, kt\u00f3rzy hojnie zjechali pod Godul\u0119, by zaprezentoa\u0107 swoje umiej\u0119tno\u015bci. Opr\u00f3cz pleneru odby\u0142 si\u0119 r\u00f3wnie\u017c dzie\u0144 otwarty dla ch\u0119tnych poznania tajniki sztuki malarskiej i rze\u017abiarskiej, kt\u00f3ry zakoczonego wsp\u00f3lnym ogniskiem. Wra\u017cenia z pleneru by\u0142y du\u017ce, a ju\u017c teraz cieszymy si\u0119 na poplenerow\u0105 wystaw\u0119.<\/strong><\/p>\n\n\n\n<p>Warsztaty odby\u0142y si\u0119 w ramach projektu Tacy Jeste\u015bmy, kt\u00f3ry zosta\u0142 dofinansowany przez Ministerstwo Kultury RC, Wojew\u00f3dzwto Morawsko\u015bl\u0105skie, Miasto Czeski Cieszyn, Fundacj\u0119 Pomoc Polakom na Wschodzie oraz Stowarzyszenie &#8222;Wsp\u00f3lnota Polska&#8221;.<\/p>","protected":false},"excerpt":{"rendered":"<p>Przez dwa tygodnie (14-29.8.2009) w Ligotce Kameralnej trwa\u0142y plenerowe warsztaty malarskie, kt\u00f3rych organizatorami byli Kongres Polak\u00f3w w RC oraz Polskie Stowarzyszenie Artyst\u00f3w Plastyk\u00f3w w RC. Tym razem pi\u0105tka talentowanych m\u0142odych artyst\u00f3w mia\u0142a okazj\u0119 podgl\u0105da\u0107 warsztat pracy artyst\u00f3w zaolzia\u0144skich, kt\u00f3rzy hojnie zjechali pod Godul\u0119, by zaprezentoa\u0107 swoje umiej\u0119tno\u015bci. Opr\u00f3cz pleneru odby\u0142 si\u0119 r\u00f3wnie\u017c dzie\u0144 otwarty dla [&hellip;]<\/p>","protected":false},"author":1,"featured_media":3899,"parent":4214,"menu_order":0,"comment_status":"closed","ping_status":"closed","template":"","meta":{"_acf_changed":false,"footnotes":""},"class_list":["post-4374","page","type-page","status-publish","has-post-thumbnail","hentry"],"acf":[],"_links":{"self":[{"href":"https:\/\/polonica.cz\/cs\/wp-json\/wp\/v2\/pages\/4374","targetHints":{"allow":["GET"]}}],"collection":[{"href":"https:\/\/polonica.cz\/cs\/wp-json\/wp\/v2\/pages"}],"about":[{"href":"https:\/\/polonica.cz\/cs\/wp-json\/wp\/v2\/types\/page"}],"author":[{"embeddable":true,"href":"https:\/\/polonica.cz\/cs\/wp-json\/wp\/v2\/users\/1"}],"replies":[{"embeddable":true,"href":"https:\/\/polonica.cz\/cs\/wp-json\/wp\/v2\/comments?post=4374"}],"version-history":[{"count":1,"href":"https:\/\/polonica.cz\/cs\/wp-json\/wp\/v2\/pages\/4374\/revisions"}],"predecessor-version":[{"id":4376,"href":"https:\/\/polonica.cz\/cs\/wp-json\/wp\/v2\/pages\/4374\/revisions\/4376"}],"up":[{"embeddable":true,"href":"https:\/\/polonica.cz\/cs\/wp-json\/wp\/v2\/pages\/4214"}],"wp:featuredmedia":[{"embeddable":true,"href":"https:\/\/polonica.cz\/cs\/wp-json\/wp\/v2\/media\/3899"}],"wp:attachment":[{"href":"https:\/\/polonica.cz\/cs\/wp-json\/wp\/v2\/media?parent=4374"}],"curies":[{"name":"wp","href":"https:\/\/api.w.org\/{rel}","templated":true}]}}