{"id":4380,"date":"2025-03-21T09:57:17","date_gmt":"2025-03-21T08:57:17","guid":{"rendered":"http:\/\/polonica.cz\/?page_id=4380"},"modified":"2025-03-21T09:57:32","modified_gmt":"2025-03-21T08:57:32","slug":"tacy-jestesmy","status":"publish","type":"page","link":"https:\/\/polonica.cz\/cs\/kongres-polakow\/projekty\/tacy-jestesmy\/","title":{"rendered":"Tacy Jeste\u015bmy 2010"},"content":{"rendered":"<p><strong>Relacja z Koncertu Galowego Tacy Jeste\u015bmy mo\u017cna by\u0142o zobaczy\u0107 w programie Telewizji Czeskiej &#8222;Babylon&#8221;.<\/strong><\/p>\n\n\n\n<p>Projekt Tacy Jeste\u015bmy jest dofinansowany przez Ministerstwo Kultury RC, Urz\u0105d Wojew\u00f3dzki, Miasto C. Cieszyn, Konsulat Generalny RP w Ostrawie, Stowarzyszenie &#8222;Wsp\u00f3lnota Polska&#8221; oraz sponsor\u00f3w prywatnych.<\/p>","protected":false},"excerpt":{"rendered":"<p>Relacja z Koncertu Galowego Tacy Jeste\u015bmy mo\u017cna by\u0142o zobaczy\u0107 w programie Telewizji Czeskiej &#8222;Babylon&#8221;. Projekt Tacy Jeste\u015bmy jest dofinansowany przez Ministerstwo Kultury RC, Urz\u0105d Wojew\u00f3dzki, Miasto C. Cieszyn, Konsulat Generalny RP w Ostrawie, Stowarzyszenie &#8222;Wsp\u00f3lnota Polska&#8221; oraz sponsor\u00f3w prywatnych.<\/p>","protected":false},"author":1,"featured_media":3899,"parent":4214,"menu_order":0,"comment_status":"closed","ping_status":"closed","template":"","meta":{"_acf_changed":false,"footnotes":""},"class_list":["post-4380","page","type-page","status-publish","has-post-thumbnail","hentry"],"acf":[],"_links":{"self":[{"href":"https:\/\/polonica.cz\/cs\/wp-json\/wp\/v2\/pages\/4380","targetHints":{"allow":["GET"]}}],"collection":[{"href":"https:\/\/polonica.cz\/cs\/wp-json\/wp\/v2\/pages"}],"about":[{"href":"https:\/\/polonica.cz\/cs\/wp-json\/wp\/v2\/types\/page"}],"author":[{"embeddable":true,"href":"https:\/\/polonica.cz\/cs\/wp-json\/wp\/v2\/users\/1"}],"replies":[{"embeddable":true,"href":"https:\/\/polonica.cz\/cs\/wp-json\/wp\/v2\/comments?post=4380"}],"version-history":[{"count":1,"href":"https:\/\/polonica.cz\/cs\/wp-json\/wp\/v2\/pages\/4380\/revisions"}],"predecessor-version":[{"id":4382,"href":"https:\/\/polonica.cz\/cs\/wp-json\/wp\/v2\/pages\/4380\/revisions\/4382"}],"up":[{"embeddable":true,"href":"https:\/\/polonica.cz\/cs\/wp-json\/wp\/v2\/pages\/4214"}],"wp:featuredmedia":[{"embeddable":true,"href":"https:\/\/polonica.cz\/cs\/wp-json\/wp\/v2\/media\/3899"}],"wp:attachment":[{"href":"https:\/\/polonica.cz\/cs\/wp-json\/wp\/v2\/media?parent=4380"}],"curies":[{"name":"wp","href":"https:\/\/api.w.org\/{rel}","templated":true}]}}