{"id":4386,"date":"2025-03-21T10:21:32","date_gmt":"2025-03-21T09:21:32","guid":{"rendered":"http:\/\/polonica.cz\/?page_id=4386"},"modified":"2025-03-21T10:21:47","modified_gmt":"2025-03-21T09:21:47","slug":"zielona-szkola","status":"publish","type":"page","link":"https:\/\/polonica.cz\/cs\/kongres-polakow\/projekty\/zielona-szkola\/","title":{"rendered":"&#8222;Zielona Szko\u0142a&#8221;"},"content":{"rendered":"<p><strong>We wtorek 15.9. wieczorem dwoma autobusami oraz mikrobusem wyruszy\u0142a w kierunku Morza Ba\u0142tyckiego wyprawa 90 si\u00f3dmoklasist\u00f3w ze szk\u00f3\u0142 z Jab\u0142onkowa, Czeskiego Cieszyna i Karwiny. Celem ich podr\u00f3\u017cy by\u0142a niewielka miejscowo\u015b\u0107 Karwia, oddalona o 6 km od znanego miasteczka turystycznego Jastrz\u0119bia G\u00f3ra. W Karwi, w o\u015brodku wypoczynkowym Kamena, mieli oni sp\u0119dzi\u0107 2 tygodnie w ramach II turnusu projektu Zielona Szko\u0142a nad Ba\u0142tykiem, organizowanym przez Kongres Polak\u00f3w w RC. W o\u015brodku mieli zapewnione noclegi w standardowo wyposa\u017conych pokojach (\u0142azienka, WC, lod\u00f3wka, TV) oraz wy\u017cywienie (\u015bniadanie, obiad, kolacja). Nad sprawnym przebiegiem pobytu czuwa\u0142o 6 wychowawc\u00f3w, 2 piel\u0119gniarki, 2 str\u00f3\u017c\u00f3w nocnych, kierowca autobusu i kierownik turnusu. Zaraz na wst\u0119pie trzeba powiedzie\u0107, \u017ce pobyt by\u0142 bardzo udany. Niew\u0105tpliwie wp\u0142yw na to mia\u0142a \u015bwietna pogoda i ciep\u0142e, jak na t\u0105 por\u0119 roku, morze. A oto kilka migawek z pobytu.<\/strong><\/p>\n\n\n\n<h2 class=\"wp-block-heading\">Wycieczki<\/h2>\n\n\n\n<p>Praktycznie co 2 dni uczniowie wyje\u017cd\u017cali na ca\u0142odniowe wycieczki. Najpierw pojechali do Gdyni, gdzie w ramach ko\u0144cz\u0105cego si\u0119 festiwalu film\u00f3w dla dzieci \u201eGdynia dzieciom&#8221; obejrzeli film, zwiedzili s\u0142ynne statki \u201eB\u0142yskawica&#8221; oraz \u201eDar Pomorza&#8221;, zachwycali si\u0119 bogactwem i kolorytem ryb w Akwarium. Na Helu natomiast zaprzyja\u017anili si\u0119 z tamtejszymi fokami w s\u0142ynnym Fokarium. Gda\u0144sk natomiast zwiedzali nietradycyjnie &#8211; bez przewodnika ! Dostali oni map\u0119 Gda\u0144ska, kart\u0119 z zadaniami i sami musieli znale\u017a\u0107 wa\u017cne miejsca, jak np. Zielona Brama, Z\u0142ota Brama, Dom Fahrenheita, Bazylika Mariacka i dowiedzie\u0107 si\u0119 o ich historii. Wspania\u0142a lekcja geografii, historii oraz rozwijanie umiej\u0119tno\u015bci pracy w grupie &#8230; A wieczorem przejazd promem na Westerplatte i chwila zadumy nad bezsensowno\u015bci\u0105 wojny. W Kartuzach, nazywanych stolic\u0105 Kaszub, zwiedzili Muzeum Kaszubskie, gdzie mieli mo\u017cliwo\u015b\u0107 zapozna\u0107 si\u0119 z ci\u0119\u017ckim \u017cyciem Kaszub\u00f3w, us\u0142ysze\u0107 \u201ehymn&#8221; kaszubski czy spr\u00f3bowa\u0107 miejscowego \u201especja\u0142u&#8221; &#8211; tabaki, wci\u0105ganej nosem i powoduj\u0105cej oczyszczenie dr\u00f3g oddechowych przez kichanie, kaszel i \u015bmiech. W Szymbarku za\u015b czeka\u0142a na nich ca\u0142a masa atrakcji &#8211; sami piekli chleb, zobaczyli najd\u0142u\u017csz\u0105 desk\u0119 \u015bwiata, zwiedzili Dom Sybiraka oraz poci\u0105g, kt\u00f3ry wywozi\u0142 ludzi na Syberi\u0119, prze\u017cyli w podziemnym schronie atak armii hitlerowskiej i zwiedzili &#8230; dom do g\u00f3ry nogami ! Niesamowicie pomys\u0142owo zrobiony dom, w kt\u00f3rym wszystko by\u0142o na odwr\u00f3t, np. fotel i tv na suficie. Nie\u017ale natomiast sprawdzi\u0142a kondycj\u0119 piesza wycieczka po pla\u017cy do Jastrz\u0119biej G\u00f3ry,gdzie uczniowie odwiedzili miejsce najbardziej na p\u00f3\u0142noc wysuni\u0119tej cz\u0119\u015bci Polski oraz wdrapali si\u0119 na szczyt latarni w Rozewiu. Uczniowie przeszli wtedy oko\u0142o 18 km, brawo. Ostatnia wycieczka prowadzi\u0142a do S\u0142owi\u0144skiego Parku Narodowego z wej\u015bciem w \u0141ebie. Tam czeka\u0142a na nich 5 km piesza podr\u00f3\u017c lasem, a po drodze jeszcze zwiedzili tajny poligon niemiecki z czas\u00f3w II wojny \u015bwiatowej &#8211; wyrzutni\u0119 rakiet w R\u0105bce. Na ko\u0144cu wspania\u0142a niespodzianka &#8211; ruchome wydmy &#8211; wielkie g\u00f3ry piaskowe, z kt\u00f3rych mo\u017cna by\u0142o zje\u017cd\u017ca\u0107, turla\u0107 si\u0119, biec &#8211; a\u017c do braku tchu. To, \u017ce dzieci piasek mia\u0142y dos\u0142ownie wsz\u0119dzie, nikomu nie przeszkadza\u0142o &#8230;<\/p>\n\n\n\n<h2 class=\"wp-block-heading\">Pla\u017ca<\/h2>\n\n\n\n<p>Tutaj uczniowie sp\u0119dzali czas w dniach, kiedy nie je\u017adzili na wycieczki i do ko\u0144ca pobytu im si\u0119 nie znudzi\u0142a. Ile\u017c zabaw, gier, konkurs\u00f3w mo\u017cna tam przeprowadzi\u0107 &#8230; Ile\u017c pomys\u0142owych zamk\u00f3w zbudowa\u0107 &#8230; Dzie\u0144 przed wyjazdem odby\u0142a si\u0119 nawet Olimpiada Sportowa, gdzie uczniowie rywalizowali w przeci\u0105ganiu lin\u0105, sztafetach tradycyjnych i nietradycyjnych, w pi\u0142ce no\u017cnej, w 2 ognie czy te\u017c w perfidnej rywalizacji, kto pr\u0119dzej nape\u0142ni \u0142y\u017ck\u0105 butelk\u0119 piaskiem &#8230; \u015amiechu i zabawy by\u0142o po pachy i tylko z przymusu dziennikarskiego informujemy, \u017ce najlepsz\u0105 dru\u017cyn\u0105 okaza\u0142a si\u0119 szko\u0142a z Czeskiego Cieszyna, bo nie o zwyci\u0119stwo chodzi\u0142o. No i skoro pla\u017ca, to i morze. Ciep\u0142e, z falami dwumetrowymi &#8230; atrakcja, na kt\u00f3r\u0105 nie mo\u017cna raczej trafi\u0107 pod Beskidami. I jeszcze jeden atut tamtejszej pla\u017cy &#8211; piasek delikatny, czysty &#8211; bez kamyczk\u00f3w i muszelek.<\/p>\n\n\n\n<h2 class=\"wp-block-heading\">Czas wolny od zaj\u0119\u0107<\/h2>\n\n\n\n<p>Trudno uwierzy\u0107, ale by\u0142 takowy. Potrzebna i akceptowana by\u0142a cisza poobiednia oraz cisza nocna o godzinie 22:00. Nawet najwi\u0119ksi hiperaktywi\u015bci czuli zm\u0119czenie i potrzeb\u0119 odpoczynku. A kto jednak chcia\u0142 si\u0119 porusza\u0107, mia\u0142 mo\u017cliwo\u015b\u0107 skorzysta\u0107 z boiska do koszyk\u00f3wki, kt\u00f3re znajdowa\u0142o si\u0119 na terenie o\u015brodka. Natomiast najwi\u0119ksz\u0105 atrakcj\u0105 wieczorow\u0105 by\u0142y dyskoteki, prowadzone przez wspania\u0142ych str\u00f3\u017c\u00f3w nocnych. By\u0142y um\u00f3wione trzy dyskoteki, jednak uda\u0142o si\u0119 przegada\u0107 kierowniczk\u0119 o\u015brodka, \u017ceby odby\u0142a si\u0119 r\u00f3wnie\u017c czwarta, najbardziej szalona. Hity dyskotek Zielonej Szko\u0142y na d\u0142ugo pozostan\u0105 w pami\u0119ci &#8230;<\/p>\n\n\n\n<p>C\u00f3\u017c powiedzie\u0107 na zako\u0144czenie &#8230; W imieniu wszystkich uczestnik\u00f3w dzi\u0119kujemy Kongresowi Polak\u00f3w za pomys\u0142 i organizacj\u0119 Zielonej Szko\u0142y, dzi\u0119kujemy Rodzicom za jej sfinansowanie. To, co uczniom Zielona Szko\u0142a da\u0142a, trudno wyrazi\u0107 s\u0142owami, trudno zmierzy\u0107 przyrz\u0105dami. Wierzymy, \u017ce pomo\u017ce ona uczniom w rozwoju ich charakter\u00f3w, samodzielno\u015bci, w rozszerzaniu horyzont\u00f3w umys\u0142owych, spojrzeniu na \u015bwiat&#8230;<\/p>\n\n\n\n<p>Do zobaczenia za rok!<\/p>\n\n\n\n<p class=\"has-text-align-center has-large-font-size\"><mark style=\"background-color:rgba(0, 0, 0, 0)\" class=\"has-inline-color has-vivid-red-color\">Projekt Zielona szko\u0142a nad Ba\u0142tykiem jest dofinansowana przez Ministerstwo M\u0142odzie\u017cy i Kultury Fizycznej RC<\/mark><\/p>\n\n\n\n<p><\/p>","protected":false},"excerpt":{"rendered":"<p>We wtorek 15.9. wieczorem dwoma autobusami oraz mikrobusem wyruszy\u0142a w kierunku Morza Ba\u0142tyckiego wyprawa 90 si\u00f3dmoklasist\u00f3w ze szk\u00f3\u0142 z Jab\u0142onkowa, Czeskiego Cieszyna i Karwiny. Celem ich podr\u00f3\u017cy by\u0142a niewielka miejscowo\u015b\u0107 Karwia, oddalona o 6 km od znanego miasteczka turystycznego Jastrz\u0119bia G\u00f3ra. W Karwi, w o\u015brodku wypoczynkowym Kamena, mieli oni sp\u0119dzi\u0107 2 tygodnie w ramach II [&hellip;]<\/p>","protected":false},"author":1,"featured_media":3899,"parent":4214,"menu_order":0,"comment_status":"closed","ping_status":"closed","template":"","meta":{"_acf_changed":false,"footnotes":""},"class_list":["post-4386","page","type-page","status-publish","has-post-thumbnail","hentry"],"acf":[],"_links":{"self":[{"href":"https:\/\/polonica.cz\/cs\/wp-json\/wp\/v2\/pages\/4386","targetHints":{"allow":["GET"]}}],"collection":[{"href":"https:\/\/polonica.cz\/cs\/wp-json\/wp\/v2\/pages"}],"about":[{"href":"https:\/\/polonica.cz\/cs\/wp-json\/wp\/v2\/types\/page"}],"author":[{"embeddable":true,"href":"https:\/\/polonica.cz\/cs\/wp-json\/wp\/v2\/users\/1"}],"replies":[{"embeddable":true,"href":"https:\/\/polonica.cz\/cs\/wp-json\/wp\/v2\/comments?post=4386"}],"version-history":[{"count":1,"href":"https:\/\/polonica.cz\/cs\/wp-json\/wp\/v2\/pages\/4386\/revisions"}],"predecessor-version":[{"id":4388,"href":"https:\/\/polonica.cz\/cs\/wp-json\/wp\/v2\/pages\/4386\/revisions\/4388"}],"up":[{"embeddable":true,"href":"https:\/\/polonica.cz\/cs\/wp-json\/wp\/v2\/pages\/4214"}],"wp:featuredmedia":[{"embeddable":true,"href":"https:\/\/polonica.cz\/cs\/wp-json\/wp\/v2\/media\/3899"}],"wp:attachment":[{"href":"https:\/\/polonica.cz\/cs\/wp-json\/wp\/v2\/media?parent=4386"}],"curies":[{"name":"wp","href":"https:\/\/api.w.org\/{rel}","templated":true}]}}