{"id":4389,"date":"2025-03-21T10:24:50","date_gmt":"2025-03-21T09:24:50","guid":{"rendered":"http:\/\/polonica.cz\/?page_id=4389"},"modified":"2025-03-21T10:25:03","modified_gmt":"2025-03-21T09:25:03","slug":"rada-nar-ks-cieszynskiego","status":"publish","type":"page","link":"https:\/\/polonica.cz\/cs\/kongres-polakow\/projekty\/rada-nar-ks-cieszynskiego\/","title":{"rendered":"Obchody jubileuszu 90 rocznicy powo\u0142ania Rady Narodowej Ksi\u0119stwa Cieszy\u0144skiego &#8211; Jubilejn\u00ed v\u00fdro\u010d\u00ed 90. let od vzniku N\u00e1rodn\u00ed Rady"},"content":{"rendered":"<p><strong>Projekt dotyczy\u0142 obchod\u00f3w 90 rocznicy powstania pierwszej polskiej w\u0142adzy na ziemiach polskich po okresie zabor\u00f3w &#8211; Rady Narodowej Ksi\u0119stwa Cieszy\u0144skiego, kt\u00f3r\u0105 powo\u0142ano 19 pa\u017adziernika 1918 roku w Domu Narodowym w Cieszynie jako ponadpartyjny organ reprezentuj\u0105cy polsk\u0105 ludno\u015b\u0107 \u015al\u0105ska Cieszy\u0144skiego. 27 pa\u017adziernika 1918 r. przyj\u0119to rezolucj\u0119, a 30 pa\u017adziernika 1918 r. Rada Narodowa Ksi\u0119stwa Cieszy\u0144skiego oficjalnie proklamowa\u0142a przynale\u017cno\u015b\u0107 \u015al\u0105ska Cieszy\u0144skiego do Polski.<\/strong><\/p>\n\n\n\n<p>Celem projektu jest wsp\u00f3lne spojrzenie mieszka\u0144c\u00f3w \u015al\u0105ska Cieszy\u0144skiego po obu stronach granicy na prze\u0142omowe dla regionu wydarzenia z okresu odtwarzania pa\u0144stwowo\u015bci obu kraj\u00f3w. Celami drugorz\u0119dnymi projektu s\u0105: wzrost \u015bwiadomo\u015bci historycznej mieszka\u0144c\u00f3w, szczeg\u00f3lnie m\u0142odego pokolenia; rozwijanie kontakt\u00f3w pomi\u0119dzy instytucjami, organizacjami i mieszka\u0144cami po obu stronach Olzy poprzez aktywne uczestnictwo w przedsi\u0119wzi\u0119ciu przedstawicieli r\u00f3\u017cnych \u015brodowisk polsko-czeskiego pogranicza; rozwijanie i utrwalanie wi\u0119z\u00f3w mi\u0119dzypokoleniowych; uczczenie jubileuszu wa\u017cnego dla ca\u0142ego regionu wydarzenia historycznego.<\/p>\n\n\n\n<p>Projekt jest wsp\u00f3lnym przedsi\u0119wzi\u0119ciem realizowanym w miastach Cieszyn i Czeski Cieszyn oraz regionie w terminie 18 pa\u017adziernika 2008 roku. Partnerami i realizatorami s\u0105 Urz\u0105d Miasta Cieszyna oraz Kongresu Polak\u00f3w w Republice.<\/p>\n\n\n\n<h2 class=\"wp-block-heading\">W ramach projektu zrealizowano szereg przedsi\u0119wzi\u0119\u0107, kt\u00f3rymi by\u0142o:<\/h2>\n\n\n\n<p><mark style=\"background-color:rgba(0, 0, 0, 0)\" class=\"has-inline-color has-vivid-red-color\">18 pa\u017adziernika 2008, Rynek w Cieszynie<\/mark><\/p>\n\n\n\n<ul class=\"wp-block-list\">\n<li>Z\u0142o\u017cenie kwiat\u00f3w pod pami\u0105tkow\u0105 tablic\u0105 na Domu Narodowym. Uroczysto\u015b\u0107 u\u015bwietni\u0142 koncert amatorskiej orkiestry d\u0119tej Cieszynianka.<\/li>\n<\/ul>\n\n\n\n<p><mark style=\"background-color:rgba(0, 0, 0, 0)\" class=\"has-inline-color has-vivid-red-color\">Ksi\u0105\u017cnica Cieszy\u0144ska<\/mark><\/p>\n\n\n\n<ul class=\"wp-block-list\">\n<li>wystawa wraz z wernisa\u017cem pn. &#8222;W drodze do ziemi obiecanej. Cieszy\u0144scy Polacy 1848 &#8211; 1918&#8221;, przygotowan\u0105 przez Ksi\u0105\u017cnic\u0119 Cieszy\u0144sk\u0105<\/li>\n\n\n\n<li>wystawa wraz z wernisa\u017cem pn. &#8222;Trzy miesi\u0105ce samostanowienia &#8211; \u015al\u0105sk Cieszy\u0144ski od IX 1918 &#8211; I 1919&#8221;.Wystaw\u0119 przygotowa\u0142 O\u015brodek Dokumentacyjny Kongresu Polak\u00f3w w RC.<\/li>\n<\/ul>\n\n\n\n<p><mark style=\"background-color:rgba(0, 0, 0, 0)\" class=\"has-inline-color has-vivid-red-color\">Teatr im. A. Mickiewicza w Cieszynie<\/mark><\/p>\n\n\n\n<ul class=\"wp-block-list\">\n<li>Uroczysto\u015b\u0107 okoliczno\u015bciowa w teatrze z udzia\u0142em w\u0142adz centralnych, przedstawicieli polskich i czeskich organizacji i instytucji oraz publiczno\u015bci. W programie przedstawiono m.in.: wyk\u0142ad historyczny (dr Krzysztof Nowak), inscenizacje teatraln\u0105 pierwszego posiedzenia Rady Narodowej oraz prapremierowe wykonanie &#8222;Dw\u00f3ch psalm\u00f3w dla Cieszyna&#8221; z udzia\u0142em muzyk\u00f3w i \u015bpiewak\u00f3w czesko-polskiego pogranicza skupionych w orkiestrze Euroregionu \u015al\u0105sk Cieszy\u0144ski oraz ch\u00f3ru akademickiego &#8222;Harmonia&#8221;.<\/li>\n<\/ul>\n\n\n\n<p><mark style=\"background-color:rgba(0, 0, 0, 0)\" class=\"has-inline-color has-vivid-red-color\">Ko\u015bci\u00f3\u0142 Jezusowy w Cieszynie<\/mark><\/p>\n\n\n\n<ul class=\"wp-block-list\">\n<li>Koncert muzyki polskiej w Ko\u015bciele Jezusowym w ramach Dekady Muzyki Organowej i Kameralnej<\/li>\n<\/ul>\n\n\n\n<p><mark style=\"background-color:rgba(0, 0, 0, 0)\" class=\"has-inline-color has-vivid-red-color\">\u015al\u0105sk Cieszy\u0144ski<\/mark><\/p>\n\n\n\n<ul class=\"wp-block-list\">\n<li>Dzia\u0142ania edukacyjne realizowane w czeskich i polskich szko\u0142ach i instytucjach<\/li>\n<\/ul>\n\n\n\n<ul class=\"wp-block-list\">\n<li>Wydawnictwa: ksi\u0105\u017cka historyczna dotycz\u0105ca wydarze\u0144 okresu w j\u0119zyku polskim i czeskim pod tytu\u0142em Pierwsza Niepodleg\u0142o\u015b\u0107\/Prvn\u00ed nez\u00e1vislost.<\/li>\n<\/ul>\n\n\n\n<p class=\"has-text-align-center has-vivid-red-color has-text-color has-link-color has-large-font-size wp-elements-95d65aef2c62d10811af9ae99e087929\">Projekt jest wsp\u00f3\u0142finansowany ze \u015brodk\u00f3w Europejskiego Funduszu Rozwoju Regionalnego (EFRR) za po\u015brednictwem Euroregionu \u015al\u0105sk Cieszy\u0144ski &#8211; T\u011b\u0161\u00ednsk\u00e9 Slezsko \u201ePrzekraczamy granice&#8221;<\/p>\n\n\n\n<p class=\"has-text-align-center has-vivid-red-color has-text-color has-link-color has-large-font-size wp-elements-607ca3c7e166e65438ff8aaad0480851\">Projekt je spolufinancov\u00e1n z prost\u0159edk\u016f Evropsk\u00e9ho fondu pro region\u00e1ln\u00ed rozvoj (ERDF) prost\u0159ednictv\u00edm Euroregionu T\u011b\u0161\u00ednsk\u00e9 Slezsko &#8211; \u015al\u0105sk Cieszy\u0144ski \u201eP\u0159ekra\u010dujeme hranice&#8221;<\/p>","protected":false},"excerpt":{"rendered":"<p>Projekt dotyczy\u0142 obchod\u00f3w 90 rocznicy powstania pierwszej polskiej w\u0142adzy na ziemiach polskich po okresie zabor\u00f3w &#8211; Rady Narodowej Ksi\u0119stwa Cieszy\u0144skiego, kt\u00f3r\u0105 powo\u0142ano 19 pa\u017adziernika 1918 roku w Domu Narodowym w Cieszynie jako ponadpartyjny organ reprezentuj\u0105cy polsk\u0105 ludno\u015b\u0107 \u015al\u0105ska Cieszy\u0144skiego. 27 pa\u017adziernika 1918 r. przyj\u0119to rezolucj\u0119, a 30 pa\u017adziernika 1918 r. Rada Narodowa Ksi\u0119stwa Cieszy\u0144skiego oficjalnie [&hellip;]<\/p>","protected":false},"author":1,"featured_media":3899,"parent":4214,"menu_order":0,"comment_status":"closed","ping_status":"closed","template":"","meta":{"_acf_changed":false,"footnotes":""},"class_list":["post-4389","page","type-page","status-publish","has-post-thumbnail","hentry"],"acf":[],"_links":{"self":[{"href":"https:\/\/polonica.cz\/cs\/wp-json\/wp\/v2\/pages\/4389","targetHints":{"allow":["GET"]}}],"collection":[{"href":"https:\/\/polonica.cz\/cs\/wp-json\/wp\/v2\/pages"}],"about":[{"href":"https:\/\/polonica.cz\/cs\/wp-json\/wp\/v2\/types\/page"}],"author":[{"embeddable":true,"href":"https:\/\/polonica.cz\/cs\/wp-json\/wp\/v2\/users\/1"}],"replies":[{"embeddable":true,"href":"https:\/\/polonica.cz\/cs\/wp-json\/wp\/v2\/comments?post=4389"}],"version-history":[{"count":1,"href":"https:\/\/polonica.cz\/cs\/wp-json\/wp\/v2\/pages\/4389\/revisions"}],"predecessor-version":[{"id":4391,"href":"https:\/\/polonica.cz\/cs\/wp-json\/wp\/v2\/pages\/4389\/revisions\/4391"}],"up":[{"embeddable":true,"href":"https:\/\/polonica.cz\/cs\/wp-json\/wp\/v2\/pages\/4214"}],"wp:featuredmedia":[{"embeddable":true,"href":"https:\/\/polonica.cz\/cs\/wp-json\/wp\/v2\/media\/3899"}],"wp:attachment":[{"href":"https:\/\/polonica.cz\/cs\/wp-json\/wp\/v2\/media?parent=4389"}],"curies":[{"name":"wp","href":"https:\/\/api.w.org\/{rel}","templated":true}]}}