{"id":4402,"date":"2025-03-21T10:34:35","date_gmt":"2025-03-21T09:34:35","guid":{"rendered":"http:\/\/polonica.cz\/?page_id=4402"},"modified":"2025-03-21T10:34:48","modified_gmt":"2025-03-21T09:34:48","slug":"jak-zech-chodzil-do-szkoly","status":"publish","type":"page","link":"https:\/\/polonica.cz\/cs\/kongres-polakow\/osrodek-dokumentacyjny-kp\/wystawy\/1995-2\/jak-zech-chodzil-do-szkoly\/","title":{"rendered":"Jak \u017cech chodzi\u0142 do szko\u0142y"},"content":{"rendered":"<p><mark style=\"background-color:rgba(0, 0, 0, 0)\" class=\"has-inline-color has-vivid-red-color\">Termin wystawy:\u00a0<\/mark>23-26 czerwca 1995<\/p>\n\n\n\n<p><mark style=\"background-color:rgba(0, 0, 0, 0)\" class=\"has-inline-color has-vivid-red-color\">Lokalizacja:\u00a0<\/mark>PSP Czeski Cieszyn<\/p>\n\n\n\n<p><mark style=\"background-color:rgba(0, 0, 0, 0)\" class=\"has-inline-color has-vivid-red-color\">Scenariusz i realizacja:\u00a0<\/mark>Danuta Branna<\/p>\n\n\n\n<p>W wystawie wykorzystano dokumenty, stare podr\u0119czniki i zdj\u0119cia ze zbior\u00f3w O\u015brodka Dokumentacyjnego i Klubu Nauczycieli Emeryt\u00f3w. Wystawa mia\u0142a za zadanie w prostej i kr\u00f3tkiej formie przybli\u017cy\u0107 zwiedzaj\u0105cym histori\u0119 szkolnictwa polskiego na Zaolziu. Przygotowana zosta\u0142a jako uzupe\u0142nienie wystawy opracowanej przez grono pedagogiczne PSP w Cz. Cieszynie z okazji 70. rocznicy za\u0142o\u017cenia tutejszej szko\u0142y wydzia\u0142owej.<\/p>","protected":false},"excerpt":{"rendered":"<p>Termin wystawy:\u00a023-26 czerwca 1995 Lokalizacja:\u00a0PSP Czeski Cieszyn Scenariusz i realizacja:\u00a0Danuta Branna W wystawie wykorzystano dokumenty, stare podr\u0119czniki i zdj\u0119cia ze zbior\u00f3w O\u015brodka Dokumentacyjnego i Klubu Nauczycieli Emeryt\u00f3w. Wystawa mia\u0142a za zadanie w prostej i kr\u00f3tkiej formie przybli\u017cy\u0107 zwiedzaj\u0105cym histori\u0119 szkolnictwa polskiego na Zaolziu. Przygotowana zosta\u0142a jako uzupe\u0142nienie wystawy opracowanej przez grono pedagogiczne PSP w Cz. [&hellip;]<\/p>","protected":false},"author":1,"featured_media":3899,"parent":4199,"menu_order":0,"comment_status":"closed","ping_status":"closed","template":"","meta":{"_acf_changed":false,"footnotes":""},"class_list":["post-4402","page","type-page","status-publish","has-post-thumbnail","hentry"],"acf":[],"_links":{"self":[{"href":"https:\/\/polonica.cz\/cs\/wp-json\/wp\/v2\/pages\/4402","targetHints":{"allow":["GET"]}}],"collection":[{"href":"https:\/\/polonica.cz\/cs\/wp-json\/wp\/v2\/pages"}],"about":[{"href":"https:\/\/polonica.cz\/cs\/wp-json\/wp\/v2\/types\/page"}],"author":[{"embeddable":true,"href":"https:\/\/polonica.cz\/cs\/wp-json\/wp\/v2\/users\/1"}],"replies":[{"embeddable":true,"href":"https:\/\/polonica.cz\/cs\/wp-json\/wp\/v2\/comments?post=4402"}],"version-history":[{"count":1,"href":"https:\/\/polonica.cz\/cs\/wp-json\/wp\/v2\/pages\/4402\/revisions"}],"predecessor-version":[{"id":4404,"href":"https:\/\/polonica.cz\/cs\/wp-json\/wp\/v2\/pages\/4402\/revisions\/4404"}],"up":[{"embeddable":true,"href":"https:\/\/polonica.cz\/cs\/wp-json\/wp\/v2\/pages\/4199"}],"wp:featuredmedia":[{"embeddable":true,"href":"https:\/\/polonica.cz\/cs\/wp-json\/wp\/v2\/media\/3899"}],"wp:attachment":[{"href":"https:\/\/polonica.cz\/cs\/wp-json\/wp\/v2\/media?parent=4402"}],"curies":[{"name":"wp","href":"https:\/\/api.w.org\/{rel}","templated":true}]}}