{"id":4408,"date":"2025-03-21T10:42:57","date_gmt":"2025-03-21T09:42:57","guid":{"rendered":"http:\/\/polonica.cz\/?page_id=4408"},"modified":"2025-03-21T10:43:08","modified_gmt":"2025-03-21T09:43:08","slug":"szlakiem-lilijki","status":"publish","type":"page","link":"https:\/\/polonica.cz\/cs\/kongres-polakow\/osrodek-dokumentacyjny-kp\/wystawy\/1995-2\/szlakiem-lilijki\/","title":{"rendered":"Szlakiem lilijki"},"content":{"rendered":"<p><mark style=\"background-color:rgba(0, 0, 0, 0)\" class=\"has-inline-color has-vivid-red-color\">Termin wystawy:<\/mark>\u00a022-25 kwietnia 1995<\/p>\n\n\n\n<p><mark style=\"background-color:rgba(0, 0, 0, 0)\" class=\"has-inline-color has-vivid-red-color\">Lokalizacja:\u00a0<\/mark>Dom PZKO Mosty ko\u0142o Czeskiego Cieszyna<\/p>\n\n\n\n<p><mark style=\"background-color:rgba(0, 0, 0, 0)\" class=\"has-inline-color has-vivid-red-color\">Wsp\u00f3\u0142organizator:<\/mark>\u00a0Harcerstwo Polskie w RC<\/p>\n\n\n\n<p><mark style=\"background-color:rgba(0, 0, 0, 0)\" class=\"has-inline-color has-vivid-red-color\">Scenariusz i realizacja:<\/mark>\u00a0Danuta Branna, J\u00f3zef Szymeczek dru\u017cyna harcerska \u201eOpty&#8221; z Czeskiego Cieszyna<\/p>\n\n\n\n<p>W wystawie wykorzystano dokumenty archiwalne, zdj\u0119cia, kroniki i inne materia\u0142y ze zbior\u00f3w O\u015brodka oraz os\u00f3b prywatnych.<\/p>\n\n\n\n<p>Na czas wystawy organizatorzy zamienili sal\u0119 Domu PZKO w harcerskie obozowisko, wykorzystuj\u0105c do tego celu autentyczne namioty i inne akcesoria. Nie zabrak\u0142o nawet bramy obozowej i miejsca na ognisko. Wernisa\u017c u\u015bwietni\u0142y piosenki harcerskie w wykonaniu dru\u017cyny harcerskiej \u201eOpty\u201d oraz ognisko nieopodal Domu PZKO przygotowane przez harcerzy trzynieckich.<\/p>\n\n\n\n<h2 class=\"wp-block-heading\"><strong>Wa\u017cniejsze daty w dziejach harcerstwa w lewobrze\u017cnej cz\u0119\u015bci \u015al\u0105ska Cieszy\u0144skiego<\/strong><\/h2>\n\n\n\n<p><mark style=\"background-color:rgba(0, 0, 0, 0)\" class=\"has-inline-color has-vivid-red-color\">1912\/13<\/mark>\u00a0&#8211; W Polskim Gimnazjum Realnym im. Juliusza S\u0142owackiego w Or\u0142owej rozpocz\u0119\u0142a dzia\u0142alno\u015b\u0107 Dru\u017cyna Skautowa im. Tadeusza Rejtana w Or\u0142owej, kierowana przez nauczyciela j\u0119zyka polskiego Romana Pollaka. Skupia\u0142a si\u0119 na wychowaniu w duchu patriotyzmu, kontakcie z przyrod\u0105, poznawaniu regionu i kraju oraz nauce obozownictwa.<\/p>\n\n\n\n<p><mark style=\"background-color:rgba(0, 0, 0, 0)\" class=\"has-inline-color has-vivid-red-color\">latem 1914<\/mark>\u00a0&#8211; Wyprawa krajoznawcza dru\u017cyny or\u0142owskiej opisana w ksi\u0105\u017cce Romana Pollaka: Wyprawa skaut\u00f3w \u015bl\u0105skich przez Oraw\u0119 i Tatry na Spisz.<\/p>\n\n\n\n<p><mark style=\"background-color:rgba(0, 0, 0, 0)\" class=\"has-inline-color has-vivid-red-color\">1914-1918<\/mark>\u00a0&#8211; Powstaj\u0105 kolejne dru\u017cyny, m. in. w Karwinie, \u0141azach, Por\u0119bie oraz pierwsza Dru\u017cyna Skautek im. Emilii Plater, r\u00f3wnie\u017c przy gimnazjum w Or\u0142owej.<\/p>\n\n\n\n<p><mark style=\"background-color:rgba(0, 0, 0, 0)\" class=\"has-inline-color has-vivid-red-color\">1920\u00a0<\/mark>&#8211; Podzia\u0142 \u015al\u0105ska Cieszy\u0144skiego. Ruch harcerski na Zaolziu staje w obliczu nowej, trudnej rzeczywisto\u015bci.<\/p>\n\n\n\n<p><mark style=\"background-color:rgba(0, 0, 0, 0)\" class=\"has-inline-color has-vivid-red-color\">1924\u00a0<\/mark>&#8211; Uchwalono statut Harcerstwa Polskiego w Czechos\u0142owacji i wybrano Naczelny Zarz\u0105d HPC.<\/p>\n\n\n\n<p><mark style=\"background-color:rgba(0, 0, 0, 0)\" class=\"has-inline-color has-vivid-red-color\">1925\u00a0<\/mark>&#8211; Podzia\u0142 na hufce: or\u0142owski, karwi\u0144ski, bogumi\u0144ski, cieszy\u0144ski i ostrawski. Rozpoczyna si\u0119 szkolenie kadr, przebiegaj\u0105 akcje obozowe.<\/p>\n\n\n\n<p><mark style=\"background-color:rgba(0, 0, 0, 0)\" class=\"has-inline-color has-vivid-red-color\">1926\u00a0<\/mark>&#8211; G\u0142\u00f3wna Komenda rozdzielona na m\u0119sk\u0105 i \u017ce\u0144sk\u0105. W tym samym roku (28 i 29 czerwca) ma miejsce I Zlot HPC w Or\u0142owej.<\/p>\n\n\n\n<p><mark style=\"background-color:rgba(0, 0, 0, 0)\" class=\"has-inline-color has-vivid-red-color\">1928\u00a0<\/mark>&#8211; 1 lipca odbywa si\u0119 Zlot HPC w Karwinie przy Srebrnym \u0179r\u00f3dle.<\/p>\n\n\n\n<p><mark style=\"background-color:rgba(0, 0, 0, 0)\" class=\"has-inline-color has-vivid-red-color\">1929\u00a0<\/mark>&#8211; Udzia\u0142 w Zlocie Narodowym ZHP o Powszechnej Wystawie Krajowej w Poznaniu.<\/p>\n\n\n\n<p><mark style=\"background-color:rgba(0, 0, 0, 0)\" class=\"has-inline-color has-vivid-red-color\">1931<\/mark>\u00a0&#8211; W dniach 27 czerwca \u2013 3 lipca harcerze z Zaolzia bior\u0105 udzia\u0142 w Zlocie Skaut\u00f3w S\u0142owia\u0144skich w Pradze.<\/p>\n\n\n\n<p><mark style=\"background-color:rgba(0, 0, 0, 0)\" class=\"has-inline-color has-vivid-red-color\">1933\u00a0<\/mark>&#8211; W sierpniu ma miejsce Zlot 20-lecia HPC w Or\u0142owej.<\/p>\n\n\n\n<p><mark style=\"background-color:rgba(0, 0, 0, 0)\" class=\"has-inline-color has-vivid-red-color\">1934<\/mark>\u00a0&#8211; Harcerze z Zaolzia w Warszawie bior\u0105 udzia\u0142 w \u015awiatowym Zje\u017adzie M\u0142odzie\u017cy Polskiej z Zagranicy.<\/p>\n\n\n\n<p><mark style=\"background-color:rgba(0, 0, 0, 0)\" class=\"has-inline-color has-vivid-red-color\">1935\u00a0<\/mark>&#8211; Udzia\u0142 HPC w Zlocie Jubileuszowym ZHP w Spale.<\/p>\n\n\n\n<p><mark style=\"background-color:rgba(0, 0, 0, 0)\" class=\"has-inline-color has-vivid-red-color\">1939-1945<\/mark>\u00a0&#8211; II wojna \u015bwiatowa. Wielu harcerzy zaolzia\u0144skich sta\u0142o si\u0119 ofiarami terroru hitlerowskiego.<\/p>\n\n\n\n<p><mark style=\"background-color:rgba(0, 0, 0, 0)\" class=\"has-inline-color has-vivid-red-color\">Po 1945<\/mark>\u00a0&#8211; W\u0142adze czechos\u0142owackie odm\u00f3wi\u0142y wydania zgody na wznowienie dzia\u0142alno\u015bci przez HPC.<\/p>\n\n\n\n<p><mark style=\"background-color:rgba(0, 0, 0, 0)\" class=\"has-inline-color has-vivid-red-color\">1947\u00a0<\/mark>&#8211; Dochodzi do reaktywacji HPC, jako jednej z sekcji Stowarzyszenia M\u0142odzie\u017cy Polskiej.<\/p>\n\n\n\n<p><mark style=\"background-color:rgba(0, 0, 0, 0)\" class=\"has-inline-color has-vivid-red-color\">1949\u00a0<\/mark>&#8211; Stan liczebny HPC: 28 dru\u017cyn m\u0119skich, 23 dru\u017cyny \u017ce\u0144skie i 8 gromad zuchowych.<\/p>\n\n\n\n<p><mark style=\"background-color:rgba(0, 0, 0, 0)\" class=\"has-inline-color has-vivid-red-color\">1951\u00a0<\/mark>&#8211; W zwi\u0105zku z decyzj\u0105 w\u0142adz komunistycznych o jednoczeniu ruchu m\u0142odzie\u017cowego dzia\u0142alno\u015b\u0107 HPC zosta\u0142a wstrzymana. SMP stopniowo zostaje wcielone do Czechos\u0142owackiego Zwi\u0105zku M\u0142odzie\u017cy.<\/p>\n\n\n\n<p><mark style=\"background-color:rgba(0, 0, 0, 0)\" class=\"has-inline-color has-vivid-red-color\">1968\u00a0<\/mark>&#8211; W nowym klimacie politycznym w zwi\u0105zku z Prask\u0105 Wiosn\u0105, 16 maja na spotkaniu dawnych dzia\u0142aczy HPC zosta\u0142a podj\u0119ta decyzja o wznowieniu dzia\u0142alno\u015bci. HPC zaczyna dzia\u0142a\u0107 jako samodzielny powiat w ramach Organizacji Pioniera \u2013 z w\u0142asn\u0105 struktur\u0105, odr\u0119bnym umundurowaniem itp. 16 listopada w Cz. Cieszynie odbywa si\u0119 Konferencja HPC.<\/p>\n\n\n\n<p><mark style=\"background-color:rgba(0, 0, 0, 0)\" class=\"has-inline-color has-vivid-red-color\">1970\u00a0<\/mark>&#8211; 25 lutego Druga Konferencja HPC powo\u0142uje przy Organizacji Pioniera autonomiczn\u0105 Rad\u0119 Naczeln\u0105 HPC, jednak we wrze\u015bniu dochodzi do zniesienia wzgl\u0119dnej samodzielno\u015bci harcerskiej w ramach wdra\u017cania w Czechos\u0142owacji polityki tzw. normalizacji.<\/p>\n\n\n\n<p><mark style=\"background-color:rgba(0, 0, 0, 0)\" class=\"has-inline-color has-vivid-red-color\">1989\u00a0<\/mark>&#8211; Po wydarzeniach z listopada kszta\u0142tuj\u0105 si\u0119 nowe warunki polityczne.<\/p>\n\n\n\n<p><mark style=\"background-color:rgba(0, 0, 0, 0)\" class=\"has-inline-color has-vivid-red-color\">24 II 1990<\/mark>\u00a0&#8211; Podpisanie umowy z Organizacj\u0105 Pioniera o umo\u017cliwieniu pracy wed\u0142ug w\u0142asnego statutu oraz kierowaniu si\u0119 prawem harcerskim.<\/p>\n\n\n\n<p><mark style=\"background-color:rgba(0, 0, 0, 0)\" class=\"has-inline-color has-vivid-red-color\">1991\u00a0<\/mark>&#8211; Usamodzielnienie si\u0119 HPC i rejestracja statutu organizacji przez MSW w Pradze. 9 listopada w Trzy\u0144cu Lesznej Dolnej odbywa si\u0119 I Zjazd odrodzonego harcerstwa.<\/p>","protected":false},"excerpt":{"rendered":"<p>Termin wystawy:\u00a022-25 kwietnia 1995 Lokalizacja:\u00a0Dom PZKO Mosty ko\u0142o Czeskiego Cieszyna Wsp\u00f3\u0142organizator:\u00a0Harcerstwo Polskie w RC Scenariusz i realizacja:\u00a0Danuta Branna, J\u00f3zef Szymeczek dru\u017cyna harcerska \u201eOpty&#8221; z Czeskiego Cieszyna W wystawie wykorzystano dokumenty archiwalne, zdj\u0119cia, kroniki i inne materia\u0142y ze zbior\u00f3w O\u015brodka oraz os\u00f3b prywatnych. Na czas wystawy organizatorzy zamienili sal\u0119 Domu PZKO w harcerskie obozowisko, wykorzystuj\u0105c do [&hellip;]<\/p>","protected":false},"author":1,"featured_media":3899,"parent":4199,"menu_order":0,"comment_status":"closed","ping_status":"closed","template":"","meta":{"_acf_changed":false,"footnotes":""},"class_list":["post-4408","page","type-page","status-publish","has-post-thumbnail","hentry"],"acf":[],"_links":{"self":[{"href":"https:\/\/polonica.cz\/cs\/wp-json\/wp\/v2\/pages\/4408","targetHints":{"allow":["GET"]}}],"collection":[{"href":"https:\/\/polonica.cz\/cs\/wp-json\/wp\/v2\/pages"}],"about":[{"href":"https:\/\/polonica.cz\/cs\/wp-json\/wp\/v2\/types\/page"}],"author":[{"embeddable":true,"href":"https:\/\/polonica.cz\/cs\/wp-json\/wp\/v2\/users\/1"}],"replies":[{"embeddable":true,"href":"https:\/\/polonica.cz\/cs\/wp-json\/wp\/v2\/comments?post=4408"}],"version-history":[{"count":1,"href":"https:\/\/polonica.cz\/cs\/wp-json\/wp\/v2\/pages\/4408\/revisions"}],"predecessor-version":[{"id":4410,"href":"https:\/\/polonica.cz\/cs\/wp-json\/wp\/v2\/pages\/4408\/revisions\/4410"}],"up":[{"embeddable":true,"href":"https:\/\/polonica.cz\/cs\/wp-json\/wp\/v2\/pages\/4199"}],"wp:featuredmedia":[{"embeddable":true,"href":"https:\/\/polonica.cz\/cs\/wp-json\/wp\/v2\/media\/3899"}],"wp:attachment":[{"href":"https:\/\/polonica.cz\/cs\/wp-json\/wp\/v2\/media?parent=4408"}],"curies":[{"name":"wp","href":"https:\/\/api.w.org\/{rel}","templated":true}]}}