{"id":4419,"date":"2025-03-25T09:38:23","date_gmt":"2025-03-25T08:38:23","guid":{"rendered":"http:\/\/polonica.cz\/?page_id=4419"},"modified":"2025-03-25T09:40:36","modified_gmt":"2025-03-25T08:40:36","slug":"kursy-jezyka-polskiego-dla-czeskich-rodzicow","status":"publish","type":"page","link":"https:\/\/polonica.cz\/cs\/nauka-jezyka-polskiego\/kursy-jezyka-polskiego-dla-czeskich-rodzicow\/","title":{"rendered":"Kursy j\u0119zyka polskiego dla czeskich rodzic\u00f3w z polskich szk\u00f3\u0142 na Zaolziu"},"content":{"rendered":"<h3 class=\"wp-block-heading\">Kursy j\u0119zyka polskiego dla czeskich rodzic\u00f3w z polskich szk\u00f3\u0142 na Zaolziu. Obecnie realizowane w:<\/h3>\n\n\n\n<p>PSP Karwina<\/p>\n\n\n\n<p>PSP Trzyniec<\/p>\n\n\n\n<p>PSP Lutynia-Dolna<\/p>\n\n\n\n<p>PSP Jab\u0142onk\u00f3w<\/p>\n\n\n\n<p>PSP Or\u0142owa-Lutynia<\/p>\n\n\n\n<p>Realizacja projektu wsparta przez Fundusz Rozwoju Zaolzia.<\/p>","protected":false},"excerpt":{"rendered":"<p>Kursy j\u0119zyka polskiego dla czeskich rodzic\u00f3w z polskich szk\u00f3\u0142 na Zaolziu. Obecnie realizowane w: PSP Karwina PSP Trzyniec PSP Lutynia-Dolna PSP Jab\u0142onk\u00f3w PSP Or\u0142owa-Lutynia Realizacja projektu wsparta przez Fundusz Rozwoju Zaolzia.<\/p>","protected":false},"author":1,"featured_media":3899,"parent":4499,"menu_order":0,"comment_status":"closed","ping_status":"closed","template":"","meta":{"_acf_changed":false,"footnotes":""},"class_list":["post-4419","page","type-page","status-publish","has-post-thumbnail","hentry"],"acf":[],"_links":{"self":[{"href":"https:\/\/polonica.cz\/cs\/wp-json\/wp\/v2\/pages\/4419","targetHints":{"allow":["GET"]}}],"collection":[{"href":"https:\/\/polonica.cz\/cs\/wp-json\/wp\/v2\/pages"}],"about":[{"href":"https:\/\/polonica.cz\/cs\/wp-json\/wp\/v2\/types\/page"}],"author":[{"embeddable":true,"href":"https:\/\/polonica.cz\/cs\/wp-json\/wp\/v2\/users\/1"}],"replies":[{"embeddable":true,"href":"https:\/\/polonica.cz\/cs\/wp-json\/wp\/v2\/comments?post=4419"}],"version-history":[{"count":2,"href":"https:\/\/polonica.cz\/cs\/wp-json\/wp\/v2\/pages\/4419\/revisions"}],"predecessor-version":[{"id":4508,"href":"https:\/\/polonica.cz\/cs\/wp-json\/wp\/v2\/pages\/4419\/revisions\/4508"}],"up":[{"embeddable":true,"href":"https:\/\/polonica.cz\/cs\/wp-json\/wp\/v2\/pages\/4499"}],"wp:featuredmedia":[{"embeddable":true,"href":"https:\/\/polonica.cz\/cs\/wp-json\/wp\/v2\/media\/3899"}],"wp:attachment":[{"href":"https:\/\/polonica.cz\/cs\/wp-json\/wp\/v2\/media?parent=4419"}],"curies":[{"name":"wp","href":"https:\/\/api.w.org\/{rel}","templated":true}]}}