{"id":4421,"date":"2025-03-25T09:37:45","date_gmt":"2025-03-25T08:37:45","guid":{"rendered":"http:\/\/polonica.cz\/?page_id=4421"},"modified":"2025-03-25T09:39:55","modified_gmt":"2025-03-25T08:39:55","slug":"kurs-jezyka-polskiego-dla-absolwentow-szkol","status":"publish","type":"page","link":"https:\/\/polonica.cz\/cs\/nauka-jezyka-polskiego\/kurs-jezyka-polskiego-dla-absolwentow-szkol\/","title":{"rendered":"Kurz pol\u0161tiny pro absolventy polsk\u00fdch \u0161kol"},"content":{"rendered":"<h3 class=\"wp-block-heading\">Kurz pol\u0161tiny pro absolventy polsk\u00fdch \u0161kol, kte\u0159\u00ed d\u00e1le nepokra\u010duj\u00ed ve vzd\u011bl\u00e1v\u00e1n\u00ed v polsk\u00e9m jazyce.<\/h3>\n\n\n\n<p><br><mark style=\"background-color:rgba(0, 0, 0, 0)\" class=\"has-inline-color has-vivid-red-color\"><strong>Cel kursu:<\/strong>\u00a0<\/mark>wzbogacanie s\u0142ownictwa, konwersacja w j\u0119zyku polskim z lektorem, pog\u0142\u0119bianie wiedzy o j.polskim.<\/p>\n\n\n\n<p><mark style=\"background-color:rgba(0, 0, 0, 0)\" class=\"has-inline-color has-vivid-red-color\"><strong>Forma realizacji:<\/strong>&nbsp;<\/mark>online<\/p>\n\n\n\n<p><mark style=\"background-color:rgba(0, 0, 0, 0)\" class=\"has-inline-color has-vivid-red-color\"><strong>Zg\u0142oszenia:<\/strong>&nbsp;<\/mark>na email&nbsp;<a href=\"mailto:centrumpolskie@polonica.cz\">centrumpolskie@polonica.cz<\/a>&nbsp;do 15. 12. 2022<\/p>\n\n\n\n<p>Nale\u017cy przes\u0142a\u0107 imi\u0119 i nazwisko, rok urodzenia.<\/p>\n\n\n\n<p>Realizacja projektu wsparta przez Fundusz Rozwoju Zaolzia.<\/p>","protected":false},"excerpt":{"rendered":"<p>Kurs j\u0119zyka polskiego dla absolwent\u00f3w polskich szk\u00f3\u0142, kt\u00f3rzy nie kontynuuj\u0105 dalszej edukacji w j\u0119zyku polskim. Cel kursu:\u00a0wzbogacanie s\u0142ownictwa, konwersacja w j\u0119zyku polskim z lektorem, pog\u0142\u0119bianie wiedzy o j.polskim. Forma realizacji:&nbsp;online Zg\u0142oszenia:&nbsp;na email&nbsp;centrumpolskie@polonica.cz&nbsp;do 15. 12. 2022 Nale\u017cy przes\u0142a\u0107 imi\u0119 i nazwisko, rok urodzenia. Realizacja projektu wsparta przez Fundusz Rozwoju Zaolzia.<\/p>","protected":false},"author":1,"featured_media":3899,"parent":4499,"menu_order":0,"comment_status":"closed","ping_status":"closed","template":"","meta":{"_acf_changed":false,"footnotes":""},"class_list":["post-4421","page","type-page","status-publish","has-post-thumbnail","hentry"],"acf":[],"_links":{"self":[{"href":"https:\/\/polonica.cz\/cs\/wp-json\/wp\/v2\/pages\/4421","targetHints":{"allow":["GET"]}}],"collection":[{"href":"https:\/\/polonica.cz\/cs\/wp-json\/wp\/v2\/pages"}],"about":[{"href":"https:\/\/polonica.cz\/cs\/wp-json\/wp\/v2\/types\/page"}],"author":[{"embeddable":true,"href":"https:\/\/polonica.cz\/cs\/wp-json\/wp\/v2\/users\/1"}],"replies":[{"embeddable":true,"href":"https:\/\/polonica.cz\/cs\/wp-json\/wp\/v2\/comments?post=4421"}],"version-history":[{"count":3,"href":"https:\/\/polonica.cz\/cs\/wp-json\/wp\/v2\/pages\/4421\/revisions"}],"predecessor-version":[{"id":4507,"href":"https:\/\/polonica.cz\/cs\/wp-json\/wp\/v2\/pages\/4421\/revisions\/4507"}],"up":[{"embeddable":true,"href":"https:\/\/polonica.cz\/cs\/wp-json\/wp\/v2\/pages\/4499"}],"wp:featuredmedia":[{"embeddable":true,"href":"https:\/\/polonica.cz\/cs\/wp-json\/wp\/v2\/media\/3899"}],"wp:attachment":[{"href":"https:\/\/polonica.cz\/cs\/wp-json\/wp\/v2\/media?parent=4421"}],"curies":[{"name":"wp","href":"https:\/\/api.w.org\/{rel}","templated":true}]}}