{"id":4482,"date":"2025-03-25T08:12:32","date_gmt":"2025-03-25T07:12:32","guid":{"rendered":"http:\/\/polonica.cz\/?page_id=4482"},"modified":"2026-03-26T11:46:22","modified_gmt":"2026-03-26T10:46:22","slug":"organizacje","status":"publish","type":"page","link":"https:\/\/polonica.cz\/cs\/organizacje\/","title":{"rendered":"Organizace"},"content":{"rendered":"<div class=\"custom-table\">\n        \n    <a target=\"_blank\" href=\"https:\/\/olzapro.cz\" class=\"custom-row-link\">\n        <div class=\"custom-row\">\n            <div class=\"custom-cell\">Olza Pro<\/div>\n            <div class=\"custom-cell\">Strzelnicza 209\/28, 737 01 Czeski Cieszyn<\/div>\n            <div class=\"custom-cell\">http:\/\/olzapro.cz, info@olzapro.cz, +420 737 062 624<\/div>\n            <div class=\"custom-cell\">Marek Konieczny<\/div>\n        <\/div>\n    <\/a>\n    <a target=\"_blank\" href=\"https:\/\/www.harcerstwo.cz\" class=\"custom-row-link\">\n        <div class=\"custom-row\">\n            <div class=\"custom-cell\">Harcerswo Polskie w RC<\/div>\n            <div class=\"custom-cell\">Grabi\u0144ska 458\/33, 737 01 Czeski Cieszyn<\/div>\n            <div class=\"custom-cell\">http:\/\/harcerstwo.cz, hpc@harcerstwo.cz, +420 724 054 797<\/div>\n            <div class=\"custom-cell\">Andrzej Glac<\/div>\n        <\/div>\n    <\/a>\n    <a target=\"_blank\" href=\"https:\/\/www.klubpolski.cz\" class=\"custom-row-link\">\n        <div class=\"custom-row\">\n            <div class=\"custom-cell\">Klub Polski w Pradze<\/div>\n            <div class=\"custom-cell\">Vocelova 3, 120 00 Praga 2<\/div>\n            <div class=\"custom-cell\">www.klubpolski.cz, kpw@seznam.cz, +420 775 156 289<\/div>\n            <div class=\"custom-cell\">Ma\u0142gorzata Ewa Bej\u0161ovcov\u00e1<\/div>\n        <\/div>\n    <\/a>\n    <a target=\"_blank\" href=\"https:\/\/macierz.cz\" class=\"custom-row-link\">\n        <div class=\"custom-row\">\n            <div class=\"custom-cell\">Klub Polski Lys\u00e1 nad Labem<\/div>\n            <div class=\"custom-cell\">\u010cSA 28\/9 289 22, Lys\u00e1 nad Labem<\/div>\n            <div class=\"custom-cell\">kplysanadlabem@seznam.cz<\/div>\n            <div class=\"custom-cell\">Mariola Sv\u011btla<\/div>\n        <\/div>\n    <\/a>\n    <a target=\"_blank\" href=\"#\" class=\"custom-row-link\">\n        <div class=\"custom-row\">\n            <div class=\"custom-cell\">Macierz Szkolna w RC<\/div>\n            <div class=\"custom-cell\">Strzelnicza 209\/28, 737 01 Czeski Cieszyn<\/div>\n            <div class=\"custom-cell\">macierz.szkolna@seznam.cz, www.macierz.cz, +420 724 026 915<\/div>\n            <div class=\"custom-cell\">Marek Bystro\u0144<\/div>\n        <\/div>\n    <\/a>\n    <a target=\"_blank\" href=\"mailto:lipka@tiscali.cz\" class=\"custom-row-link\">\n        <div class=\"custom-row\">\n            <div class=\"custom-cell\">MK PZKO Karwina Nowe Miasto<\/div>\n            <div class=\"custom-cell\">Karwina Nowe Miasto, \u010capkova 1577<\/div>\n            <div class=\"custom-cell\">lipka@tiscali.cz<\/div>\n            <div class=\"custom-cell\">Piotr Lipka<\/div>\n        <\/div>\n    <\/a>\n    <a target=\"_blank\" href=\"mailto:ptmrc@atlas.cz\" class=\"custom-row-link\">\n        <div class=\"custom-row\">\n            <div class=\"custom-cell\">Polskie Towarzystwo Medyczne<\/div>\n            <div class=\"custom-cell\">Grabi\u0144ska 458\/33, 737 01 Czeski Cieszyn<\/div>\n            <div class=\"custom-cell\">ptmrc@atlas.cz, www.medics.cz\/ptmrc<\/div>\n            <div class=\"custom-cell\">J\u00f3zef S\u0142owik<\/div>\n        <\/div>\n    <\/a>\n    <a target=\"_blank\" href=\"http:\/\/www.arsmusica.cz\/\" class=\"custom-row-link\">\n        <div class=\"custom-row\">\n            <div class=\"custom-cell\">Polskie Towarzystwo Artystyczne Ars Musica<\/div>\n            <div class=\"custom-cell\">737 01 Czeski Cieszyn, Hawliczka 13<\/div>\n            <div class=\"custom-cell\">www.arsmusica.cz, +420 605 100 373<\/div>\n            <div class=\"custom-cell\">Leszek Kalina<\/div>\n        <\/div>\n    <\/a>\n    <a target=\"_blank\" href=\"https:\/\/www.ptts-beskidslaski.cz\/\" class=\"custom-row-link\">\n        <div class=\"custom-row\">\n            <div class=\"custom-cell\">Polskie Towarzystwo Turystyczno-Sportowe<\/div>\n            <div class=\"custom-cell\">Grabi\u0144ska 458\/33, 737 01 Czeski Cieszyn<\/div>\n            <div class=\"custom-cell\">www.ptts-beskidslaski.cz, info@ptts-beskidslaski.cz, +420 608 520 424<\/div>\n            <div class=\"custom-cell\">Halina Twardzik<\/div>\n        <\/div>\n    <\/a>\n    <a target=\"_blank\" href=\"http:\/\/pzko.cz\/\" class=\"custom-row-link\">\n        <div class=\"custom-row\">\n            <div class=\"custom-cell\">Polski Zwi\u0105zek Kulturalno-O\u015bwiatowy<\/div>\n            <div class=\"custom-cell\">Strzelnicza 209\/28, 737 01 Czeski Cieszyn<\/div>\n            <div class=\"custom-cell\">www.pzko.cz, Helena Legowicz, prezes@pzko.cz, +420 605 598 308, 558 711 582<\/div>\n            <div class=\"custom-cell\">Helena Legowicz<\/div>\n        <\/div>\n    <\/a>\n    <a target=\"_blank\" href=\"mailto:plastycy.sap@seznam.cz\" class=\"custom-row-link\">\n        <div class=\"custom-row\">\n            <div class=\"custom-cell\">Polskie Stowarzyszenie Artyst\u00f3w Plastyk\u00f3w<\/div>\n            <div class=\"custom-cell\">Grabi\u0144ska 458\/33, 737 01 Czeski Cieszyn<\/div>\n            <div class=\"custom-cell\">plasty.sap@seznam.cz, sap.sweb@cz, Ewa \u0106mok: +420 731 708 965<\/div>\n            <div class=\"custom-cell\">Ewa \u0106mok<\/div>\n        <\/div>\n    <\/a>\n    \n        <div class=\"custom-row\">\n            <div class=\"custom-cell\">Stowarzyszenie Emeryt\u00f3w Polskich<\/div>\n            <div class=\"custom-cell\">Grabi\u0144ska 458\/33, 737 01 Czeski Cieszyn<\/div>\n            <div class=\"custom-cell\"><\/div>\n            <div class=\"custom-cell\">Anna Cicho\u0144<\/div>\n        <\/div>\n    \n    <a target=\"_blank\" href=\"https:\/\/www.smprc.cz\/\" class=\"custom-row-link\">\n        <div class=\"custom-row\">\n            <div class=\"custom-cell\">Stowarzyszenie M\u0142odzie\u017cy Polskiej<\/div>\n            <div class=\"custom-cell\">737 01 Czeski Cieszyn, Strzelnicza 209\/28<\/div>\n            <div class=\"custom-cell\">www.smprc.cz, www.dziupla.cz, smp@centrum.cz<\/div>\n            <div class=\"custom-cell\">Dorota Bartnicka<\/div>\n        <\/div>\n    <\/a>\n    <a target=\"_blank\" href=\"https:\/\/www.rodzinakatynska.cz\/\" class=\"custom-row-link\">\n        <div class=\"custom-row\">\n            <div class=\"custom-cell\">Stowarzyszenie Rodzina Katy\u0144ska<\/div>\n            <div class=\"custom-cell\">Grabi\u0144ska 458\/33, 737 01 Czeski Cieszyn<\/div>\n            <div class=\"custom-cell\">www.rodzinakatynska.cz, halina.p@gmail.com<\/div>\n            <div class=\"custom-cell\">Halina Pijarska<\/div>\n        <\/div>\n    <\/a>\n    <a target=\"_blank\" href=\"https:\/\/www.tnprc.cz\/pl\/\" class=\"custom-row-link\">\n        <div class=\"custom-row\">\n            <div class=\"custom-cell\">Towarzystwo Nauczycieli Polskich w RC<\/div>\n            <div class=\"custom-cell\">737 01 Czeski Cieszyn, Ostrawska 21<\/div>\n            <div class=\"custom-cell\">www.tnprc.cz, prezes@tnprc.cz<\/div>\n            <div class=\"custom-cell\">Monika Plaskov\u00e1<\/div>\n        <\/div>\n    <\/a>\n    <a target=\"_blank\" href=\"http:\/\/www.sppk.cz\/\" class=\"custom-row-link\">\n        <div class=\"custom-row\">\n            <div class=\"custom-cell\">Stowarzyszenie Przyjaci\u00f3\u0142 Polskiej Ksi\u0105\u017cki<\/div>\n            <div class=\"custom-cell\">737 01 Czeski Cieszyn, Strzelnicza 209\/28<\/div>\n            <div class=\"custom-cell\">www.sppk.cz, info@sppk.cz, +420 606 554 594<\/div>\n            <div class=\"custom-cell\">Anna Pomyka\u0144czyk<\/div>\n        <\/div>\n    <\/a>\n    \n        <div class=\"custom-row\">\n            <div class=\"custom-cell\">Zaolzia\u0144skie Towarzystwo Fotograficzne<\/div>\n            <div class=\"custom-cell\">Grabi\u0144ska 458\/33, 737 01 Czeski Cieszyn<\/div>\n            <div class=\"custom-cell\">ztf@silesnet.cz, www.ztf.cz<\/div>\n            <div class=\"custom-cell\">Marian Siedlaczek<\/div>\n        <\/div>\n    \n    <a target=\"_blank\" href=\"http:\/\/babielatofilmowe.pl\/pl\" class=\"custom-row-link\">\n        <div class=\"custom-row\">\n            <div class=\"custom-cell\">Klub Kultury<\/div>\n            <div class=\"custom-cell\">739 61 Trzyniec 1, mal\u00e1 493<\/div>\n            <div class=\"custom-cell\">http:\/\/babletofilmowe.pl, babletofilmowe@gmail.com, klubkultury@klubkultury.cz, +420 607 799 957<\/div>\n            <div class=\"custom-cell\">Tadeusz Wantu\u0142a<\/div>\n        <\/div>\n    <\/a>\n    <a target=\"_blank\" href=\"https:\/\/www.polonusbrno.org\/cs\/uvod\/\" class=\"custom-row-link\">\n        <div class=\"custom-row\">\n            <div class=\"custom-cell\">Polonus - Klub Polski w Brnie<\/div>\n            <div class=\"custom-cell\">602 00 Brno, Rakoveck\u00e1 6<\/div>\n            <div class=\"custom-cell\">zpolpr@seznam.cz, www.polonusbrno.org<\/div>\n            <div class=\"custom-cell\">Jolanta Zofia Rek<\/div>\n        <\/div>\n    <\/a>\n    <a target=\"_blank\" href=\"http:\/\/canticorum.sweb.cz\/\" class=\"custom-row-link\">\n        <div class=\"custom-row\">\n            <div class=\"custom-cell\">Polskie Towarzystwo \u015apiewacze Collegium Cantorum<\/div>\n            <div class=\"custom-cell\">737 01 Czeski Cieszyn, Hawliczka 13<\/div>\n            <div class=\"custom-cell\">canticorum.sweb.cz, canticorum@seznam.cz, +420 602 459 741<\/div>\n            <div class=\"custom-cell\">Roman Najder<\/div>\n        <\/div>\n    <\/a>\n    \n        <div class=\"custom-row\">\n            <div class=\"custom-cell\">Macierz Szkolna w W\u0119dryni<\/div>\n            <div class=\"custom-cell\">739 94 W\u0119drynia, W\u0119drynia 974<\/div>\n            <div class=\"custom-cell\"><\/div>\n            <div class=\"custom-cell\"><\/div>\n        <\/div>\n    \n    <a target=\"_blank\" href=\"https:\/\/zaolziepotrafi.estranky.cz\/\" class=\"custom-row-link\">\n        <div class=\"custom-row\">\n            <div class=\"custom-cell\">Zaolzie Potrafi<\/div>\n            <div class=\"custom-cell\">130 00 Praga 3 Blockov\u00e1 43<\/div>\n            <div class=\"custom-cell\">www.zaolziepotrafi.cz, zaolzie.potrafi@gmail.com, +420 777 808 933<\/div>\n            <div class=\"custom-cell\">Izabela Wa\u015bkaska<\/div>\n        <\/div>\n    <\/a>\n    <a target=\"_blank\" href=\"tel:+420607789637\" class=\"custom-row-link\">\n        <div class=\"custom-row\">\n            <div class=\"custom-cell\">Zaolzia\u0144skie Stowarzyszenie Lotnicze<\/div>\n            <div class=\"custom-cell\">735 42 Cierlicko 722<\/div>\n            <div class=\"custom-cell\"><\/div>\n            <div class=\"custom-cell\">Dariusz Cymerys<\/div>\n        <\/div>\n    <\/a>\n    <a target=\"_blank\" href=\"mailto:henryk.c@seznam.cz\" class=\"custom-row-link\">\n        <div class=\"custom-row\">\n            <div class=\"custom-cell\">Towarzystwo Beskidzkich Kucharzy<\/div>\n            <div class=\"custom-cell\">Grabi\u0144ska 458\/33, 737 01 Czeski Cieszyn<\/div>\n            <div class=\"custom-cell\">henryk.c@seznam.cz, +420 731 187 801<\/div>\n            <div class=\"custom-cell\">Henryk Cie\u015blar<\/div>\n        <\/div>\n    <\/a>\n    <\/div>","protected":false},"excerpt":{"rendered":"","protected":false},"author":1,"featured_media":3899,"parent":0,"menu_order":0,"comment_status":"closed","ping_status":"closed","template":"","meta":{"_acf_changed":false,"footnotes":""},"class_list":["post-4482","page","type-page","status-publish","has-post-thumbnail","hentry"],"acf":[],"_links":{"self":[{"href":"https:\/\/polonica.cz\/cs\/wp-json\/wp\/v2\/pages\/4482","targetHints":{"allow":["GET"]}}],"collection":[{"href":"https:\/\/polonica.cz\/cs\/wp-json\/wp\/v2\/pages"}],"about":[{"href":"https:\/\/polonica.cz\/cs\/wp-json\/wp\/v2\/types\/page"}],"author":[{"embeddable":true,"href":"https:\/\/polonica.cz\/cs\/wp-json\/wp\/v2\/users\/1"}],"replies":[{"embeddable":true,"href":"https:\/\/polonica.cz\/cs\/wp-json\/wp\/v2\/comments?post=4482"}],"version-history":[{"count":3,"href":"https:\/\/polonica.cz\/cs\/wp-json\/wp\/v2\/pages\/4482\/revisions"}],"predecessor-version":[{"id":4684,"href":"https:\/\/polonica.cz\/cs\/wp-json\/wp\/v2\/pages\/4482\/revisions\/4684"}],"wp:featuredmedia":[{"embeddable":true,"href":"https:\/\/polonica.cz\/cs\/wp-json\/wp\/v2\/media\/3899"}],"wp:attachment":[{"href":"https:\/\/polonica.cz\/cs\/wp-json\/wp\/v2\/media?parent=4482"}],"curies":[{"name":"wp","href":"https:\/\/api.w.org\/{rel}","templated":true}]}}