{"id":4487,"date":"2025-03-25T08:52:43","date_gmt":"2025-03-25T07:52:43","guid":{"rendered":"http:\/\/polonica.cz\/?page_id=4487"},"modified":"2025-03-25T08:55:09","modified_gmt":"2025-03-25T07:55:09","slug":"wspieraja-nas","status":"publish","type":"page","link":"https:\/\/polonica.cz\/cs\/wspieraja-nas\/","title":{"rendered":"Wspieraj\u0105 nas"},"content":{"rendered":"<div class=\"cards-custom-wrapper\">\n    <div class=\"custom-card\">\n        <a href=\"https:\/\/pol.org.pl\/\" target=\"\">\n            <div class=\"custom-card-image\" style=\"background-image: url('\/wp-content\/uploads\/2025\/03\/Zrzut-ekranu-2025-03-24-114724.png');\"><\/div>\n            <div class=\"custom-card-content\">\n                <h3>Fundacja Pomoc<\/h3>\n                <p>Polakom na Wsch.<\/p>\n            <\/div>\n        <\/a>\n    <\/div>\n    \n    <div class=\"custom-card\">\n        <a href=\"http:\/\/wspolnota-polska.org.pl\/\" target=\"\">\n            <div class=\"custom-card-image\" style=\"background-image: url('\/wp-content\/uploads\/2025\/03\/Zrzut-ekranu-2025-03-24-114748.png');\"><\/div>\n            <div class=\"custom-card-content\">\n                <h3>Stowarzyszenie<\/h3>\n                <p>&quot;Wsp\u00f3lnota Polska&quot;<\/p>\n            <\/div>\n        <\/a>\n    <\/div>\n    \n    <div class=\"custom-card\">\n        <a href=\"https:\/\/www.gov.pl\/web\/premier\" target=\"\">\n            <div class=\"custom-card-image\" style=\"background-image: url('\/wp-content\/uploads\/2025\/03\/Zrzut-ekranu-2025-03-25-084926.png');\"><\/div>\n            <div class=\"custom-card-content\">\n                <h3>Kancelaria Prezesa<\/h3>\n                <p>&quot;Rady Ministr\u00f3w&quot;<\/p>\n            <\/div>\n        <\/a>\n    <\/div>\n    \n    <div class=\"custom-card\">\n        <a href=\"https:\/\/www.gov.pl\/web\/czechy\/wybory-ostrawa\" target=\"\">\n            <div class=\"custom-card-image\" style=\"background-image: url('\/wp-content\/uploads\/2025\/03\/Zrzut-ekranu-2025-03-24-114759.png');\"><\/div>\n            <div class=\"custom-card-content\">\n                <h3>Generalny Konsulat<\/h3>\n                <p>RP w Ostrawie<\/p>\n            <\/div>\n        <\/a>\n    <\/div>\n    \n    <div class=\"custom-card\">\n        <a href=\"https:\/\/www.tesin.cz\/\" target=\"\">\n            <div class=\"custom-card-image\" style=\"background-image: url('\/wp-content\/uploads\/2025\/03\/Zrzut-ekranu-2025-03-25-085130.png');\"><\/div>\n            <div class=\"custom-card-content\">\n                <h3>M\u011bsto<\/h3>\n                <p>\u010cesk\u00fd T\u011b\u0161\u00edn<\/p>\n            <\/div>\n        <\/a>\n    <\/div>\n    \n    <div class=\"custom-card\">\n        <a href=\"https:\/\/www.mkcr.cz\/\" target=\"\">\n            <div class=\"custom-card-image\" style=\"background-image: url('\/wp-content\/uploads\/2025\/03\/Zrzut-ekranu-2025-03-24-114806.png');\"><\/div>\n            <div class=\"custom-card-content\">\n                <h3>Ministerstwo<\/h3>\n                <p>Kultury \u010cR<\/p>\n            <\/div>\n        <\/a>\n    <\/div>\n    \n    <div class=\"custom-card\">\n        <a href=\"https:\/\/www.msmt.cz\/\" target=\"\">\n            <div class=\"custom-card-image\" style=\"background-image: url('\/wp-content\/uploads\/2025\/03\/Zrzut-ekranu-2025-03-24-114815.png');\"><\/div>\n            <div class=\"custom-card-content\">\n                <h3>Ministerstvo \u0161kolstv\u00ed,<\/h3>\n                <p>ml\u00e1de\u017ee a t\u011blov.<\/p>\n            <\/div>\n        <\/a>\n    <\/div>\n    \n    <div class=\"custom-card\">\n        <a href=\"https:\/\/www.msk.cz\/\" target=\"\">\n            <div class=\"custom-card-image\" style=\"background-image: url('\/wp-content\/uploads\/2025\/03\/Zrzut-ekranu-2025-03-24-114842.png');\"><\/div>\n            <div class=\"custom-card-content\">\n                <h3>Moravskoslezsk\u00fd<\/h3>\n                <p>kraj<\/p>\n            <\/div>\n        <\/a>\n    <\/div>\n    \n    <div class=\"custom-card\">\n        <a href=\"https:\/\/www.vlada.cz\/cz\/urad-vlady\/\" target=\"\">\n            <div class=\"custom-card-image\" style=\"background-image: url('\/wp-content\/uploads\/2025\/03\/Zrzut-ekranu-2025-03-24-114836.png');\"><\/div>\n            <div class=\"custom-card-content\">\n                <h3>\u00da\u0159ad<\/h3>\n                <p>vl\u00e1dy \u010cR<\/p>\n            <\/div>\n        <\/a>\n    <\/div>\n    \n<\/div>","protected":false},"excerpt":{"rendered":"","protected":false},"author":1,"featured_media":3899,"parent":0,"menu_order":0,"comment_status":"closed","ping_status":"closed","template":"","meta":{"_acf_changed":false,"footnotes":""},"class_list":["post-4487","page","type-page","status-publish","has-post-thumbnail","hentry"],"acf":[],"_links":{"self":[{"href":"https:\/\/polonica.cz\/cs\/wp-json\/wp\/v2\/pages\/4487","targetHints":{"allow":["GET"]}}],"collection":[{"href":"https:\/\/polonica.cz\/cs\/wp-json\/wp\/v2\/pages"}],"about":[{"href":"https:\/\/polonica.cz\/cs\/wp-json\/wp\/v2\/types\/page"}],"author":[{"embeddable":true,"href":"https:\/\/polonica.cz\/cs\/wp-json\/wp\/v2\/users\/1"}],"replies":[{"embeddable":true,"href":"https:\/\/polonica.cz\/cs\/wp-json\/wp\/v2\/comments?post=4487"}],"version-history":[{"count":4,"href":"https:\/\/polonica.cz\/cs\/wp-json\/wp\/v2\/pages\/4487\/revisions"}],"predecessor-version":[{"id":4494,"href":"https:\/\/polonica.cz\/cs\/wp-json\/wp\/v2\/pages\/4487\/revisions\/4494"}],"wp:featuredmedia":[{"embeddable":true,"href":"https:\/\/polonica.cz\/cs\/wp-json\/wp\/v2\/media\/3899"}],"wp:attachment":[{"href":"https:\/\/polonica.cz\/cs\/wp-json\/wp\/v2\/media?parent=4487"}],"curies":[{"name":"wp","href":"https:\/\/api.w.org\/{rel}","templated":true}]}}