{"id":4495,"date":"2025-03-25T09:14:56","date_gmt":"2025-03-25T08:14:56","guid":{"rendered":"http:\/\/polonica.cz\/?page_id=4495"},"modified":"2025-03-25T09:18:07","modified_gmt":"2025-03-25T08:18:07","slug":"kontakt","status":"publish","type":"page","link":"https:\/\/polonica.cz\/cs\/kontakt\/","title":{"rendered":"Kontakt"},"content":{"rendered":"<h3 class=\"wp-block-heading\">Kongres Polak\u00f3w w Republice Czeskiej<\/h3>\n\n\n\n<p>Grabi\u0144ska 458\/33,<br>731 01 Czeski Cieszyn<br><span style=\"color: #D80A0A;\">E-mail:<\/span> kongres@polonica.cz<br><span style=\"color: #D80A0A;\">ID Datov\u00e9 schr\u00e1nky:<\/span> b8g2ccf<\/p>\n\n\n\n<br \/><br \/>\n\n\n\n<h3 class=\"wp-block-heading\">Godziny urz\u0119dowe:<\/h3>\n\n\n\n<p><span style=\"color: #D80A0A;\">Wtorek, czwartek, pi\u0105tek:<\/span> 7:00 &#8211; 11:00 \/ 11:30 &#8211; 15:30 (11:00 &#8211; 11:30 przerwa obiadowa)<br><span style=\"color: #D80A0A;\">Poniedzia\u0142ek, \u015broda:<\/span> 8:30 &#8211; 11:00 \/ 11:30 &#8211; 17:00 (11:00 &#8211; 11:30 przerwa obiadowa)<\/p>\n\n\n\n<br \/><br \/>\n<iframe src=\"https:\/\/www.google.com\/maps\/embed?pb=!1m14!1m8!1m3!1d2577.9831410223387!2d18.612862!3d49.748761!3m2!1i1024!2i768!4f13.1!3m3!1m2!1s0x471406ab936a38f3%3A0xbb228c5b89dd1888!2zSHJhYmluc2vDoSA0NTgsIDczNyAwMSDEjGVza8O9IFTEm8Whw61uIDE!5e0!3m2!1scs!2scz!4v1742889718861!5m2!1scs!2scz\" width=\"600\" height=\"450\" style=\"border:0;\" allowfullscreen=\"\" loading=\"lazy\" referrerpolicy=\"no-referrer-when-downgrade\"><\/iframe>\n<br \/><br \/>\n\n\n\n<h3 class=\"wp-block-heading\">Adres banku:<\/h3>\n\n\n\n<p>\u010cSOB, a.s., Czeski Cieszyn, ul. Dworcowa 4, 737 01 Czeski Cieszyn<br><span style=\"color: #D80A0A;\">Konto:<\/span> 276715162\/0300<br><span style=\"color: #D80A0A;\">IBAN:<\/span> CZ 740300000000000276715162<br><span style=\"color: #D80A0A;\">SWIFT:<\/span> CEKOCZPP<\/p>\n<br><br>\n\n\n\n<h3 class=\"wp-block-heading\">Pracownicy:<\/h3>\n\n\n\n<div class=\"kontakt-cards-wrapper\">\n<div class=\"contact-card\">\n <a href=\"mailto:kongres@polonica.cz\">\n  <div class=\"nadpis\">mgr Piotr POLOK<\/div>\n  <div class=\"contact-card-subtitle\">szef kancelarii Kongresu Polak\u00f3w<\/div>\n  <div class=\"contact-card--tel\">\n   <span>Tel.: <\/span> +420 722 912 663\n  <\/div>\n  <div class=\"contact-card--mail\">\n   <span>E-mail: <\/span> kongres@polonica.cz\n  <\/div>\n <\/a>\n<\/div>\n<div class=\"contact-card\">\n <a href=\"mailto:kancelaria@polonica.cz\">\n  <div class=\"nadpis\">mgr Aneta ROSZKA<\/div>\n  <div class=\"contact-card-subtitle\">sekretarka<\/div>\n  <div class=\"contact-card--tel\">\n   <span>Tel.: <\/span> +420 736 627 021\n  <\/div>\n  <div class=\"contact-card--mail\">\n   <span>E-mail: <\/span> kancelaria@polonica.cz\n  <\/div>\n <\/a>\n<\/div>\n<div class=\"contact-card\">\n <a href=\"mailto:osrodek@polonica.cz\">\n  <div class=\"nadpis\">mgr Marian STEFEK<\/div>\n  <div class=\"contact-card-subtitle\">pracownik naukowy O\u015brodka Dokumentacyjnego KP<\/div>\n  <div class=\"contact-card--tel\">\n   <span>Tel.: <\/span> +420 602 265 474\n  <\/div>\n  <div class=\"contact-card--mail\">\n   <span>E-mail: <\/span> osrodek@polonica.cz\n  <\/div>\n <\/a>\n<\/div>\n<div class=\"contact-card\">\n <a href=\"mailto:centrumpolskie@polonica.cz\">\n  <div class=\"nadpis\">mgr Micha\u0142 PRZYWARA<\/div>\n  <div class=\"contact-card-subtitle\">Kierownik CP<\/div>\n  <div class=\"contact-card--tel\">\n   <span>Tel.: <\/span> +420 723 887 739\n  <\/div>\n  <div class=\"contact-card--mail\">\n   <span>E-mail: <\/span> centrumpolskie@polonica.cz\n  <\/div>\n <\/a>\n<\/div>\n<\/div>","protected":false},"excerpt":{"rendered":"<p>Kongres Polak\u00f3w w Republice Czeskiej Grabi\u0144ska 458\/33,731 01 Czeski CieszynE-mail: kongres@polonica.czID Datov\u00e9 schr\u00e1nky: b8g2ccf Godziny urz\u0119dowe: Wtorek, czwartek, pi\u0105tek: 7:00 &#8211; 11:00 \/ 11:30 &#8211; 15:30 (11:00 &#8211; 11:30 przerwa obiadowa)Poniedzia\u0142ek, \u015broda: 8:30 &#8211; 11:00 \/ 11:30 &#8211; 17:00 (11:00 &#8211; 11:30 przerwa obiadowa) Adres banku: \u010cSOB, a.s., Czeski Cieszyn, ul. Dworcowa 4, 737 01 [&hellip;]<\/p>","protected":false},"author":1,"featured_media":3899,"parent":0,"menu_order":0,"comment_status":"closed","ping_status":"closed","template":"","meta":{"_acf_changed":false,"footnotes":""},"class_list":["post-4495","page","type-page","status-publish","has-post-thumbnail","hentry"],"acf":[],"_links":{"self":[{"href":"https:\/\/polonica.cz\/cs\/wp-json\/wp\/v2\/pages\/4495","targetHints":{"allow":["GET"]}}],"collection":[{"href":"https:\/\/polonica.cz\/cs\/wp-json\/wp\/v2\/pages"}],"about":[{"href":"https:\/\/polonica.cz\/cs\/wp-json\/wp\/v2\/types\/page"}],"author":[{"embeddable":true,"href":"https:\/\/polonica.cz\/cs\/wp-json\/wp\/v2\/users\/1"}],"replies":[{"embeddable":true,"href":"https:\/\/polonica.cz\/cs\/wp-json\/wp\/v2\/comments?post=4495"}],"version-history":[{"count":2,"href":"https:\/\/polonica.cz\/cs\/wp-json\/wp\/v2\/pages\/4495\/revisions"}],"predecessor-version":[{"id":4498,"href":"https:\/\/polonica.cz\/cs\/wp-json\/wp\/v2\/pages\/4495\/revisions\/4498"}],"wp:featuredmedia":[{"embeddable":true,"href":"https:\/\/polonica.cz\/cs\/wp-json\/wp\/v2\/media\/3899"}],"wp:attachment":[{"href":"https:\/\/polonica.cz\/cs\/wp-json\/wp\/v2\/media?parent=4495"}],"curies":[{"name":"wp","href":"https:\/\/api.w.org\/{rel}","templated":true}]}}