{"id":4499,"date":"2025-03-25T09:36:12","date_gmt":"2025-03-25T08:36:12","guid":{"rendered":"http:\/\/polonica.cz\/?page_id=4499"},"modified":"2025-03-25T09:36:12","modified_gmt":"2025-03-25T08:36:12","slug":"nauka-jezyka-polskiego","status":"publish","type":"page","link":"https:\/\/polonica.cz\/cs\/nauka-jezyka-polskiego\/","title":{"rendered":"V\u00fduka polsk\u00e9ho jazyka"},"content":{"rendered":"<div class=\"cards-custom-wrapper\">\n    <div class=\"custom-card\">\n        <a href=\"\/cs\/Kursy-jezyka-polskiego-dla-czeskich-rodzicow\/\" target=\"\">\n            <div class=\"custom-card-image\" style=\"background-image: url('\/wp-content\/uploads\/2025\/03\/Kursy-jezyka-polskiego-dla-czeskich-rodzicow.fw_.png');\"><\/div>\n            <div class=\"custom-card-content\">\n                <h3>Kurzy polsk\u00e9ho jazyka<\/h3>\n                <p>pro \u010desk\u00e9 rodi\u010de<\/p>\n            <\/div>\n        <\/a>\n    <\/div>\n    \n    <div class=\"custom-card\">\n        <a href=\"\/cs\/Kurs-jezyka-polskiego-dla-absolwentow-szkol\/\" target=\"\">\n            <div class=\"custom-card-image\" style=\"background-image: url('\/wp-content\/uploads\/2025\/03\/Kurs-jezyka-polskiego-dla-absolwentow-szkol.fw_.png');\"><\/div>\n            <div class=\"custom-card-content\">\n                <h3>Kurz pol\u0161tiny<\/h3>\n                <p>pro absolventy polsk\u00fdch \u0161kol<\/p>\n            <\/div>\n        <\/a>\n    <\/div>\n    \n<\/div>","protected":false},"excerpt":{"rendered":"","protected":false},"author":1,"featured_media":3899,"parent":0,"menu_order":0,"comment_status":"closed","ping_status":"closed","template":"","meta":{"_acf_changed":false,"footnotes":""},"class_list":["post-4499","page","type-page","status-publish","has-post-thumbnail","hentry"],"acf":[],"_links":{"self":[{"href":"https:\/\/polonica.cz\/cs\/wp-json\/wp\/v2\/pages\/4499","targetHints":{"allow":["GET"]}}],"collection":[{"href":"https:\/\/polonica.cz\/cs\/wp-json\/wp\/v2\/pages"}],"about":[{"href":"https:\/\/polonica.cz\/cs\/wp-json\/wp\/v2\/types\/page"}],"author":[{"embeddable":true,"href":"https:\/\/polonica.cz\/cs\/wp-json\/wp\/v2\/users\/1"}],"replies":[{"embeddable":true,"href":"https:\/\/polonica.cz\/cs\/wp-json\/wp\/v2\/comments?post=4499"}],"version-history":[{"count":1,"href":"https:\/\/polonica.cz\/cs\/wp-json\/wp\/v2\/pages\/4499\/revisions"}],"predecessor-version":[{"id":4503,"href":"https:\/\/polonica.cz\/cs\/wp-json\/wp\/v2\/pages\/4499\/revisions\/4503"}],"wp:featuredmedia":[{"embeddable":true,"href":"https:\/\/polonica.cz\/cs\/wp-json\/wp\/v2\/media\/3899"}],"wp:attachment":[{"href":"https:\/\/polonica.cz\/cs\/wp-json\/wp\/v2\/media?parent=4499"}],"curies":[{"name":"wp","href":"https:\/\/api.w.org\/{rel}","templated":true}]}}