{"id":4518,"date":"2025-03-25T10:20:30","date_gmt":"2025-03-25T09:20:30","guid":{"rendered":"http:\/\/polonica.cz\/?page_id=4518"},"modified":"2025-03-25T10:20:30","modified_gmt":"2025-03-25T09:20:30","slug":"fundusz-rozwoju-zaolzia","status":"publish","type":"page","link":"https:\/\/polonica.cz\/cs\/fundusz-rozwoju-zaolzia\/","title":{"rendered":"Fond rozvoje T\u011b\u0161\u00ednska"},"content":{"rendered":"<h3 class=\"wp-block-heading\">Dokumenty ke sta\u017een\u00ed:<\/h3>\n\n\n\n    <div class=\"custom-download-button\">\n        <a href=\"\/wp-content\/uploads\/2025\/03\/lista-darczyncow-FRZ.pdf\" target=\"_blank\">\n             <span class=\"download-icon\">\n                <img decoding=\"async\" src=\"\/wp-content\/uploads\/2025\/03\/adobe_logo.png\" alt=\"Download Icon\">\n            <\/span>\n            <span class=\"download-text\">Seznam d\u00e1rc\u016f Fondu rozvoje T\u011b\u0161\u00ednska<\/span>\n                            <span class=\"download-size\">36,5 kB<\/span>\n                    <\/a>\n    <\/div>\n    \n    <div class=\"custom-download-button\">\n        <a href=\"\/wp-content\/uploads\/2025\/03\/fundus-polakow_logo_rgb.png\" target=\"_blank\">\n             <span class=\"download-icon\">\n                <img decoding=\"async\" src=\"\/wp-content\/uploads\/2025\/03\/png_icon.png\" alt=\"Download Icon\">\n            <\/span>\n            <span class=\"download-text\">Fond rozvoje T\u011b\u0161\u00ednska, logo<\/span>\n                            <span class=\"download-size\">45,4 kB<\/span>\n                    <\/a>\n    <\/div>\n    \n    <div class=\"custom-download-button\">\n        <a href=\"\/wp-content\/uploads\/2025\/03\/fundusz01.2022.pdf\" target=\"_blank\">\n             <span class=\"download-icon\">\n                <img decoding=\"async\" src=\"\/wp-content\/uploads\/2025\/03\/adobe_logo.png\" alt=\"Download Icon\">\n            <\/span>\n            <span class=\"download-text\">Kongres Pol\u00e1k\u016f v \u010cR, logo<\/span>\n                            <span class=\"download-size\">315,5 kB<\/span>\n                    <\/a>\n    <\/div>\n    \n    <div class=\"custom-download-button\">\n        <a href=\"\/wp-content\/uploads\/2025\/03\/Regulamin-Funduszu-Rozwoju-Zaolzia-uchwalony-01062022.pdf\" target=\"_blank\">\n             <span class=\"download-icon\">\n                <img decoding=\"async\" src=\"\/wp-content\/uploads\/2025\/03\/adobe_logo.png\" alt=\"Download Icon\">\n            <\/span>\n            <span class=\"download-text\">Statut Fondu rozvoje T\u011b\u0161\u00ednska - schv\u00e1len dne 1. 6. 2022<\/span>\n                            <span class=\"download-size\">2454,7 kB<\/span>\n                    <\/a>\n    <\/div>\n    \n    <div class=\"custom-download-button\">\n        <a href=\"\/wp-content\/uploads\/2025\/03\/99903-Sprawozdanie-merytoryczne.doc\" target=\"_blank\">\n             <span class=\"download-icon\">\n                <img decoding=\"async\" src=\"\/wp-content\/uploads\/2025\/03\/docx.fw_.png\" alt=\"Download Icon\">\n            <\/span>\n            <span class=\"download-text\">V\u011bcn\u00e1 zpr\u00e1va o realizaci projektu<\/span>\n                            <span class=\"download-size\">57,3 kB<\/span>\n                    <\/a>\n    <\/div>\n    \n    <div class=\"custom-download-button\">\n        <a href=\"\/wp-content\/uploads\/2025\/03\/Wniosek-projekty-FRZ-uchwalony.doc\" target=\"_blank\">\n             <span class=\"download-icon\">\n                <img decoding=\"async\" src=\"\/wp-content\/uploads\/2025\/03\/docx.fw_.png\" alt=\"Download Icon\">\n            <\/span>\n            <span class=\"download-text\">\u017d\u00e1dost o dotaci na projekty v r\u00e1mci Fondu rozvoje T\u011b\u0161\u00ednska<\/span>\n                            <span class=\"download-size\">142,3 kB<\/span>\n                    <\/a>\n    <\/div>\n    \n    <div class=\"custom-download-button\">\n        <a href=\"\/wp-content\/uploads\/2025\/03\/Sprawozdanie-finansowe.xls\" target=\"_blank\">\n             <span class=\"download-icon\">\n                <img decoding=\"async\" src=\"\/wp-content\/uploads\/2025\/03\/xlsx.fw_.png\" alt=\"Download Icon\">\n            <\/span>\n            <span class=\"download-text\">Finan\u010dn\u00ed vy\u00fa\u010dtov\u00e1n\u00ed<\/span>\n                            <span class=\"download-size\">31,2 kB<\/span>\n                    <\/a>\n    <\/div>\n    \n    <div class=\"custom-download-button\">\n        <a href=\"\/wp-content\/uploads\/2025\/03\/potvrzeni-o-daru.docx\" target=\"_blank\">\n             <span class=\"download-icon\">\n                <img decoding=\"async\" src=\"\/wp-content\/uploads\/2025\/03\/docx.fw_.png\" alt=\"Download Icon\">\n            <\/span>\n            <span class=\"download-text\">Potvrzen\u00ed o p\u0159ijet\u00ed daru<\/span>\n                            <span class=\"download-size\">22,3 kB<\/span>\n                    <\/a>\n    <\/div>","protected":false},"excerpt":{"rendered":"<p>Dokumenty ke sta\u017een\u00ed:<\/p>","protected":false},"author":1,"featured_media":3899,"parent":0,"menu_order":0,"comment_status":"closed","ping_status":"closed","template":"","meta":{"_acf_changed":false,"footnotes":""},"class_list":["post-4518","page","type-page","status-publish","has-post-thumbnail","hentry"],"acf":[],"_links":{"self":[{"href":"https:\/\/polonica.cz\/cs\/wp-json\/wp\/v2\/pages\/4518","targetHints":{"allow":["GET"]}}],"collection":[{"href":"https:\/\/polonica.cz\/cs\/wp-json\/wp\/v2\/pages"}],"about":[{"href":"https:\/\/polonica.cz\/cs\/wp-json\/wp\/v2\/types\/page"}],"author":[{"embeddable":true,"href":"https:\/\/polonica.cz\/cs\/wp-json\/wp\/v2\/users\/1"}],"replies":[{"embeddable":true,"href":"https:\/\/polonica.cz\/cs\/wp-json\/wp\/v2\/comments?post=4518"}],"version-history":[{"count":1,"href":"https:\/\/polonica.cz\/cs\/wp-json\/wp\/v2\/pages\/4518\/revisions"}],"predecessor-version":[{"id":4529,"href":"https:\/\/polonica.cz\/cs\/wp-json\/wp\/v2\/pages\/4518\/revisions\/4529"}],"wp:featuredmedia":[{"embeddable":true,"href":"https:\/\/polonica.cz\/cs\/wp-json\/wp\/v2\/media\/3899"}],"wp:attachment":[{"href":"https:\/\/polonica.cz\/cs\/wp-json\/wp\/v2\/media?parent=4518"}],"curies":[{"name":"wp","href":"https:\/\/api.w.org\/{rel}","templated":true}]}}